{"id":17370,"date":"2025-02-05T08:38:07","date_gmt":"2025-02-05T08:38:07","guid":{"rendered":"https:\/\/conferences.dataxis.com\/nxt-media-days-mexico\/panelistas\/"},"modified":"2025-07-03T18:57:52","modified_gmt":"2025-07-03T18:57:52","slug":"panelistas","status":"publish","type":"page","link":"https:\/\/conferences.dataxis.com\/es\/nxt-media-latin-america\/panelistas\/","title":{"rendered":"Panelistas"},"content":{"rendered":"\n<h3 class=\"wp-block-heading\">Conoce a los panelistas de NXT Media Days M\u00e9xico<\/h3>\n\n<p>NXT Media Days M\u00e9xico se enorgullece de presentar una excepcional alineaci\u00f3n de ponentes de todas las industrias de medios, publicidad y tecnolog\u00eda. Nuestros ponentes son l\u00edderes, innovadores y expertos que est\u00e1n dando forma al futuro de estas industrias. Sus puntos de vista, experiencias y visi\u00f3n proporcionar\u00e1n un conocimiento invaluable para ayudarle a mantenerse a la vanguardia en este panorama de r\u00e1pida evoluci\u00f3n.<\/p>\n\n<h3 class=\"wp-block-heading\">L\u00edderes del sector con valiosos conocimientos<\/h3>\n\n<p>Nuestro evento re\u00fane a algunas de las figuras m\u00e1s influyentes de la televisi\u00f3n, el streaming, la televisi\u00f3n conectada (CTV) y la publicidad en el comercio digital. Estos l\u00edderes de opini\u00f3n compartir\u00e1n sus conocimientos sobre los retos y oportunidades m\u00e1s acuciantes del ecosistema de los medios de comunicaci\u00f3n. Desde veteranos del sector hasta nuevos disruptores, cada ponente aporta una perspectiva \u00fanica.<\/p>\n\n<h3 class=\"wp-block-heading\">Innovadores de la televisi\u00f3n y el streaming<\/h3>\n\n<p>Los panelistas de Nextv Series son l\u00edderes del sector que est\u00e1n impulsando el futuro de la televisi\u00f3n y el streaming. Estos expertos debatir\u00e1n sobre las \u00faltimas tendencias en creaci\u00f3n de contenidos, distribuci\u00f3n y tecnolog\u00eda. Con sus profundos conocimientos, ofrecer\u00e1n valiosas perspectivas sobre c\u00f3mo las plataformas de streaming est\u00e1n transformando el panorama del entretenimiento. Prep\u00e1rese para conocer los nuevos avances y estrategias para adaptarse al futuro de la televisi\u00f3n.<\/p>\n\n<h3 class=\"wp-block-heading\">Expertos en publicidad en los CTV Ad Days<\/h3>\n\n<p>En los CTV Ad Days, escuchar\u00e1 a los mejores profesionales de la publicidad. Estos ponentes explorar\u00e1n el cambiante mundo de la televisi\u00f3n conectada y las plataformas OTT. Conozca las \u00faltimas estrategias de publicidad program\u00e1tica, direccionable y televisiva. Hablar\u00e1n de c\u00f3mo aprovechar estas plataformas de forma eficaz para campa\u00f1as espec\u00edficas y de gran impacto. Sus sesiones le ayudar\u00e1n a navegar por el futuro de la publicidad y aprovechar al m\u00e1ximo las nuevas oportunidades.<\/p>\n\n<h3 class=\"wp-block-heading\">Digital Commerce &amp; Retail Media Thought Leaders<\/h3>\n\n<p>Retail Media Days will feature speakers who are reshaping digital commerce advertising. These experts will discuss how online retail and Digital Out-of-Home (DOOH) advertising are transforming the customer journey. You\u2019ll hear about cutting-edge solutions that are improving engagement and conversion rates. By attending their sessions, you\u2019ll gain essential knowledge about the fast-evolving world of digital commerce advertising.<\/p>\n\n<h3 class=\"wp-block-heading\">Connect with Global Experts &#8211; Speakers<\/h3>\n\n<p>The speakers at NXT Media Days Mexico offer a rare opportunity to learn from the best. These global thought leaders will share insights on the future of media and advertising, focusing on innovation, technology, and new strategies. Don\u2019t miss this chance to connect with these professionals, engage in discussions, and discover fresh ideas to stay ahead of the competition.<\/p>\n\n<h3 class=\"wp-block-heading\">Get Ready for an Inspiring Experience<\/h3>\n\n<p>With such a diverse group of speakers, NXT Media Days Mexico promises to be an unforgettable event. Each speaker will bring unique perspectives and strategies that will help you stay competitive in the ever-changing media and advertising world. Be prepared to gain actionable insights and ideas that you can implement in your own business.<\/p>\n\n<h3 class=\"wp-block-heading\">Join Us and Be Inspired by our Speakers<\/h3>\n\n<p>La inscripci\u00f3n est\u00e1 abierta. No se pierda esta oportunidad de aprender de los mejores expertos, ampliar su red de contactos y dar forma al futuro de los medios de comunicaci\u00f3n y la publicidad.<br\/><br\/><a href=\"https:\/\/conferences.dataxis.com\/speakers\/\">https:\/\/conferences.dataxis.com\/speakers\/<\/a><br\/>Ver todas las conferencias: https:\/\/dataxis.com\/conferences\/<br\/>Linkedin: <a href=\"https:\/\/fr.linkedin.com\/company\/dataxis\">https:\/\/fr.linkedin.com\/company\/dataxis<\/a><\/p>\n","protected":false},"excerpt":{"rendered":"<p>Conoce a los panelistas de NXT Media Days M\u00e9xico NXT Media Days M\u00e9xico se enorgullece de presentar una excepcional alineaci\u00f3n de ponentes de todas las industrias de medios, publicidad y tecnolog\u00eda. Nuestros ponentes son l\u00edderes, innovadores y expertos que est\u00e1n dando forma al futuro de estas industrias. Sus puntos de vista, experiencias y visi\u00f3n proporcionar\u00e1n [&hellip;]<\/p>\n","protected":false},"author":2,"featured_media":0,"parent":5547,"menu_order":0,"comment_status":"closed","ping_status":"closed","template":"page-templates\/template-Speakers.php","meta":{"_acf_changed":false,"footnotes":""},"class_list":["post-17370","page","type-page","status-publish","hentry"],"acf":[],"yoast_head":"<!-- This site is optimized with the Yoast SEO plugin v26.6 - https:\/\/yoast.com\/wordpress\/plugins\/seo\/ -->\n<title>Panelistas - conferences dataxis<\/title>\n<meta name=\"description\" content=\"\u00a1Conoce a los mejores panelistas en NXT Media Days M\u00e9xico! Obt\u00e9n informaci\u00f3n sobre medios de comunicaci\u00f3n, publicidad y tecnolog\u00eda de la mano de l\u00edderes e innovadores del sector.\" \/>\n<meta name=\"robots\" content=\"index, follow, max-snippet:-1, max-image-preview:large, max-video-preview:-1\" \/>\n<link rel=\"canonical\" href=\"https:\/\/conferences.dataxis.com\/es\/nxt-media-latin-america\/panelistas\/\" \/>\n<meta property=\"og:locale\" content=\"es_ES\" \/>\n<meta property=\"og:type\" content=\"article\" \/>\n<meta property=\"og:title\" content=\"Panelistas - conferences dataxis\" \/>\n<meta property=\"og:description\" content=\"\u00a1Conoce a los mejores panelistas en NXT Media Days M\u00e9xico! Obt\u00e9n informaci\u00f3n sobre medios de comunicaci\u00f3n, publicidad y tecnolog\u00eda de la mano de l\u00edderes e innovadores del sector.\" \/>\n<meta property=\"og:url\" content=\"https:\/\/conferences.dataxis.com\/es\/nxt-media-latin-america\/panelistas\/\" \/>\n<meta property=\"og:site_name\" content=\"conferences dataxis\" \/>\n<meta property=\"article:modified_time\" content=\"2025-07-03T18:57:52+00:00\" \/>\n<meta name=\"twitter:card\" content=\"summary_large_image\" \/>\n<script type=\"application\/ld+json\" class=\"yoast-schema-graph\">{\"@context\":\"https:\/\/schema.org\",\"@graph\":[{\"@type\":\"WebPage\",\"@id\":\"https:\/\/conferences.dataxis.com\/es\/nxt-media-latin-america\/panelistas\/\",\"url\":\"https:\/\/conferences.dataxis.com\/es\/nxt-media-latin-america\/panelistas\/\",\"name\":\"Panelistas - conferences dataxis\",\"isPartOf\":{\"@id\":\"https:\/\/conferences.dataxis.com\/es\/#website\"},\"datePublished\":\"2025-02-05T08:38:07+00:00\",\"dateModified\":\"2025-07-03T18:57:52+00:00\",\"description\":\"\u00a1Conoce a los mejores panelistas en NXT Media Days M\u00e9xico! Obt\u00e9n informaci\u00f3n sobre medios de comunicaci\u00f3n, publicidad y tecnolog\u00eda de la mano de l\u00edderes e innovadores del sector.\",\"breadcrumb\":{\"@id\":\"https:\/\/conferences.dataxis.com\/es\/nxt-media-latin-america\/panelistas\/#breadcrumb\"},\"inLanguage\":\"es\",\"potentialAction\":[{\"@type\":\"ReadAction\",\"target\":[\"https:\/\/conferences.dataxis.com\/es\/nxt-media-latin-america\/panelistas\/\"]}]},{\"@type\":\"BreadcrumbList\",\"@id\":\"https:\/\/conferences.dataxis.com\/es\/nxt-media-latin-america\/panelistas\/#breadcrumb\",\"itemListElement\":[{\"@type\":\"ListItem\",\"position\":1,\"name\":\"Home\",\"item\":\"https:\/\/conferences.dataxis.com\/es\/\"},{\"@type\":\"ListItem\",\"position\":2,\"name\":\"NXT Media Days Latin America\",\"item\":\"https:\/\/conferences.dataxis.com\/es\/nxt-media-latin-america\/\"},{\"@type\":\"ListItem\",\"position\":3,\"name\":\"Panelistas\"}]},{\"@type\":\"WebSite\",\"@id\":\"https:\/\/conferences.dataxis.com\/es\/#website\",\"url\":\"https:\/\/conferences.dataxis.com\/es\/\",\"name\":\"conferences dataxis\",\"description\":\"\",\"potentialAction\":[{\"@type\":\"SearchAction\",\"target\":{\"@type\":\"EntryPoint\",\"urlTemplate\":\"https:\/\/conferences.dataxis.com\/es\/?s={search_term_string}\"},\"query-input\":{\"@type\":\"PropertyValueSpecification\",\"valueRequired\":true,\"valueName\":\"search_term_string\"}}],\"inLanguage\":\"es\"}]}<\/script>\n<!-- \/ Yoast SEO plugin. -->","yoast_head_json":{"title":"Panelistas - conferences dataxis","description":"\u00a1Conoce a los mejores panelistas en NXT Media Days M\u00e9xico! Obt\u00e9n informaci\u00f3n sobre medios de comunicaci\u00f3n, publicidad y tecnolog\u00eda de la mano de l\u00edderes e innovadores del sector.","robots":{"index":"index","follow":"follow","max-snippet":"max-snippet:-1","max-image-preview":"max-image-preview:large","max-video-preview":"max-video-preview:-1"},"canonical":"https:\/\/conferences.dataxis.com\/es\/nxt-media-latin-america\/panelistas\/","og_locale":"es_ES","og_type":"article","og_title":"Panelistas - conferences dataxis","og_description":"\u00a1Conoce a los mejores panelistas en NXT Media Days M\u00e9xico! Obt\u00e9n informaci\u00f3n sobre medios de comunicaci\u00f3n, publicidad y tecnolog\u00eda de la mano de l\u00edderes e innovadores del sector.","og_url":"https:\/\/conferences.dataxis.com\/es\/nxt-media-latin-america\/panelistas\/","og_site_name":"conferences dataxis","article_modified_time":"2025-07-03T18:57:52+00:00","twitter_card":"summary_large_image","schema":{"@context":"https:\/\/schema.org","@graph":[{"@type":"WebPage","@id":"https:\/\/conferences.dataxis.com\/es\/nxt-media-latin-america\/panelistas\/","url":"https:\/\/conferences.dataxis.com\/es\/nxt-media-latin-america\/panelistas\/","name":"Panelistas - conferences dataxis","isPartOf":{"@id":"https:\/\/conferences.dataxis.com\/es\/#website"},"datePublished":"2025-02-05T08:38:07+00:00","dateModified":"2025-07-03T18:57:52+00:00","description":"\u00a1Conoce a los mejores panelistas en NXT Media Days M\u00e9xico! Obt\u00e9n informaci\u00f3n sobre medios de comunicaci\u00f3n, publicidad y tecnolog\u00eda de la mano de l\u00edderes e innovadores del sector.","breadcrumb":{"@id":"https:\/\/conferences.dataxis.com\/es\/nxt-media-latin-america\/panelistas\/#breadcrumb"},"inLanguage":"es","potentialAction":[{"@type":"ReadAction","target":["https:\/\/conferences.dataxis.com\/es\/nxt-media-latin-america\/panelistas\/"]}]},{"@type":"BreadcrumbList","@id":"https:\/\/conferences.dataxis.com\/es\/nxt-media-latin-america\/panelistas\/#breadcrumb","itemListElement":[{"@type":"ListItem","position":1,"name":"Home","item":"https:\/\/conferences.dataxis.com\/es\/"},{"@type":"ListItem","position":2,"name":"NXT Media Days Latin America","item":"https:\/\/conferences.dataxis.com\/es\/nxt-media-latin-america\/"},{"@type":"ListItem","position":3,"name":"Panelistas"}]},{"@type":"WebSite","@id":"https:\/\/conferences.dataxis.com\/es\/#website","url":"https:\/\/conferences.dataxis.com\/es\/","name":"conferences dataxis","description":"","potentialAction":[{"@type":"SearchAction","target":{"@type":"EntryPoint","urlTemplate":"https:\/\/conferences.dataxis.com\/es\/?s={search_term_string}"},"query-input":{"@type":"PropertyValueSpecification","valueRequired":true,"valueName":"search_term_string"}}],"inLanguage":"es"}]}},"_links":{"self":[{"href":"https:\/\/conferences.dataxis.com\/es\/wp-json\/wp\/v2\/pages\/17370","targetHints":{"allow":["GET"]}}],"collection":[{"href":"https:\/\/conferences.dataxis.com\/es\/wp-json\/wp\/v2\/pages"}],"about":[{"href":"https:\/\/conferences.dataxis.com\/es\/wp-json\/wp\/v2\/types\/page"}],"author":[{"embeddable":true,"href":"https:\/\/conferences.dataxis.com\/es\/wp-json\/wp\/v2\/users\/2"}],"replies":[{"embeddable":true,"href":"https:\/\/conferences.dataxis.com\/es\/wp-json\/wp\/v2\/comments?post=17370"}],"version-history":[{"count":6,"href":"https:\/\/conferences.dataxis.com\/es\/wp-json\/wp\/v2\/pages\/17370\/revisions"}],"predecessor-version":[{"id":20329,"href":"https:\/\/conferences.dataxis.com\/es\/wp-json\/wp\/v2\/pages\/17370\/revisions\/20329"}],"up":[{"embeddable":true,"href":"https:\/\/conferences.dataxis.com\/es\/wp-json\/wp\/v2\/pages\/5547"}],"wp:attachment":[{"href":"https:\/\/conferences.dataxis.com\/es\/wp-json\/wp\/v2\/media?parent=17370"}],"curies":[{"name":"wp","href":"https:\/\/api.w.org\/{rel}","templated":true}]}}