{"id":17379,"date":"2025-02-05T08:42:52","date_gmt":"2025-02-05T08:42:52","guid":{"rendered":"https:\/\/conferences.dataxis.com\/nxt-media-days-mexico\/registro\/"},"modified":"2026-02-04T20:46:18","modified_gmt":"2026-02-04T20:46:18","slug":"registro","status":"publish","type":"page","link":"https:\/\/conferences.dataxis.com\/es\/nxt-media-latin-america\/registro\/","title":{"rendered":"Registraci\u00f3n"},"content":{"rendered":"\n<h3 class=\"wp-block-heading\">Inscripci\u00f3n &#8211; NXT Media Days M\u00e9xico: Modelando el futuro de los medios y la publicidad<\/h3>\n\n<p>NXT Media Days M\u00e9xico es el evento de referencia para la innovaci\u00f3n y la colaboraci\u00f3n en medios y publicidad. Al unir tres series de eventos clave -Nextv Series, CTV Ad Days y Retail Media Days- ofrecemos una plataforma \u00fanica. Aqu\u00ed, los profesionales del sector pueden explorar las tendencias emergentes, compartir ideas y crear estrategias que dar\u00e1n forma al futuro de la industria. No pierda la oportunidad de mantenerse a la vanguardia en este panorama en r\u00e1pida evoluci\u00f3n. La inscripci\u00f3n est\u00e1 abierta.<\/p>\n\n<h3 class=\"wp-block-heading\">Descubra las tendencias emergentes y las \u00e1reas clave del sector<\/h3>\n\n<p>Las industrias de los medios y la publicidad est\u00e1n cambiando r\u00e1pidamente. Por eso NXT Media Days M\u00e9xico re\u00fane tres series de eventos distintos, cada uno centrado en un \u00e1rea crucial. Ya se trate de streaming, TV conectada (CTV) o medios minoristas, este evento ofrece una visi\u00f3n completa de estas \u00e1reas. Te ir\u00e1s con el conocimiento y las herramientas necesarias para tener \u00e9xito en la compleja industria actual.<\/p>\n\n<p>Nextv Series profundiza en el futuro de la televisi\u00f3n y el streaming. CTV Ad Days se centra en las estrategias publicitarias para la televisi\u00f3n conectada y las plataformas OTT. Retail Media Days explora la publicidad en el comercio digital. Al cubrir estos tres sectores clave, NXT Media Days ofrece una visi\u00f3n en profundidad de las tendencias m\u00e1s importantes del ecosistema de los medios de comunicaci\u00f3n.<\/p>\n\n<h3 class=\"wp-block-heading\">Colaborar con l\u00edderes del sector<\/h3>\n\n<p>NXT Media Days M\u00e9xico no es s\u00f3lo un evento, es una puerta al futuro. Re\u00fane a innovadores, responsables de la toma de decisiones y l\u00edderes de opini\u00f3n. Este es un lugar donde se puede participar en conversaciones significativas, intercambiar ideas y encontrar soluciones a los retos de la industria.<\/p>\n\n<p>You\u2019ll participate in panels, keynote speeches, and networking sessions. These opportunities will help you gain insights into the future of content, advertising, and technology. The media and advertising industry is evolving fast. It\u2019s an exciting time to be a part of this transformation.<\/p>\n\n<h3 class=\"wp-block-heading\">Connect, Learn, and Lead the Way<\/h3>\n\n<p>By uniting Retail Media Days, Nextv Series, and CTV Ad Days, NXT Media Days Mexico creates a cohesive platform for professionals. The synergy between these events allows you to explore cutting-edge trends and learn from global leaders. You will have ample opportunities to connect, collaborate, and expand your knowledge.<\/p>\n\n<p>Don\u2019t miss your chance to be part of the conversation. Join us to network, gain essential insights, and stay ahead in the ever-changing media and advertising world. Together, we will shape the future of this exciting industry.<\/p>\n\n<h3 class=\"wp-block-heading\">Registration is Open<\/h3>\n\n<p>NXT Media Days Mexico is your opportunity to engage with the brightest minds in the field. It\u2019s a chance to be part of the future of media and advertising. Registration is now open\u2014secure your spot today!<\/p>\n\n<p>View all conferences: <a href=\"https:\/\/conferences.dataxis.com\/es\/\">https:\/\/conferences.dataxis.com\/<\/a><br\/><a href=\"https:\/\/fr.linkedin.com\/company\/dataxis\">https:\/\/fr.linkedin.com\/company\/dataxis<\/a><\/p>\n","protected":false},"excerpt":{"rendered":"<p>Inscripci\u00f3n &#8211; NXT Media Days M\u00e9xico: Modelando el futuro de los medios y la publicidad NXT Media Days M\u00e9xico es el evento de referencia para la innovaci\u00f3n y la colaboraci\u00f3n en medios y publicidad. Al unir tres series de eventos clave -Nextv Series, CTV Ad Days y Retail Media Days- ofrecemos una plataforma \u00fanica. Aqu\u00ed, [&hellip;]<\/p>\n","protected":false},"author":2,"featured_media":0,"parent":5547,"menu_order":0,"comment_status":"closed","ping_status":"closed","template":"page-templates\/template-Registration.php","meta":{"_acf_changed":false,"footnotes":""},"class_list":["post-17379","page","type-page","status-publish","hentry"],"acf":[],"yoast_head":"<!-- This site is optimized with the Yoast SEO plugin v26.6 - https:\/\/yoast.com\/wordpress\/plugins\/seo\/ -->\n<title>Registraci\u00f3n - conferences dataxis<\/title>\n<meta name=\"description\" content=\"\u00danete a NXT Media Days Mexico para explorar tendencias, establecer contactos con l\u00edderes y dar forma al futuro de los medios de comunicaci\u00f3n, la publicidad y la tecnolog\u00eda - Inscripci\u00f3n\" \/>\n<meta name=\"robots\" content=\"index, follow, max-snippet:-1, max-image-preview:large, max-video-preview:-1\" \/>\n<link rel=\"canonical\" href=\"https:\/\/conferences.dataxis.com\/es\/nxt-media-latin-america\/registro\/\" \/>\n<meta property=\"og:locale\" content=\"es_ES\" \/>\n<meta property=\"og:type\" content=\"article\" \/>\n<meta property=\"og:title\" content=\"Registraci\u00f3n - conferences dataxis\" \/>\n<meta property=\"og:description\" content=\"\u00danete a NXT Media Days Mexico para explorar tendencias, establecer contactos con l\u00edderes y dar forma al futuro de los medios de comunicaci\u00f3n, la publicidad y la tecnolog\u00eda - Inscripci\u00f3n\" \/>\n<meta property=\"og:url\" content=\"https:\/\/conferences.dataxis.com\/es\/nxt-media-latin-america\/registro\/\" \/>\n<meta property=\"og:site_name\" content=\"conferences dataxis\" \/>\n<meta property=\"article:modified_time\" content=\"2026-02-04T20:46:18+00:00\" \/>\n<meta name=\"twitter:card\" content=\"summary_large_image\" \/>\n<meta name=\"twitter:label1\" content=\"Tiempo de lectura\" \/>\n\t<meta name=\"twitter:data1\" content=\"3 minutos\" \/>\n<script type=\"application\/ld+json\" class=\"yoast-schema-graph\">{\"@context\":\"https:\/\/schema.org\",\"@graph\":[{\"@type\":\"WebPage\",\"@id\":\"https:\/\/conferences.dataxis.com\/es\/nxt-media-latin-america\/registro\/\",\"url\":\"https:\/\/conferences.dataxis.com\/es\/nxt-media-latin-america\/registro\/\",\"name\":\"Registraci\u00f3n - conferences dataxis\",\"isPartOf\":{\"@id\":\"https:\/\/conferences.dataxis.com\/es\/#website\"},\"datePublished\":\"2025-02-05T08:42:52+00:00\",\"dateModified\":\"2026-02-04T20:46:18+00:00\",\"description\":\"\u00danete a NXT Media Days Mexico para explorar tendencias, establecer contactos con l\u00edderes y dar forma al futuro de los medios de comunicaci\u00f3n, la publicidad y la tecnolog\u00eda - Inscripci\u00f3n\",\"breadcrumb\":{\"@id\":\"https:\/\/conferences.dataxis.com\/es\/nxt-media-latin-america\/registro\/#breadcrumb\"},\"inLanguage\":\"es\",\"potentialAction\":[{\"@type\":\"ReadAction\",\"target\":[\"https:\/\/conferences.dataxis.com\/es\/nxt-media-latin-america\/registro\/\"]}]},{\"@type\":\"BreadcrumbList\",\"@id\":\"https:\/\/conferences.dataxis.com\/es\/nxt-media-latin-america\/registro\/#breadcrumb\",\"itemListElement\":[{\"@type\":\"ListItem\",\"position\":1,\"name\":\"Home\",\"item\":\"https:\/\/conferences.dataxis.com\/es\/\"},{\"@type\":\"ListItem\",\"position\":2,\"name\":\"NXT Media Days Latin America\",\"item\":\"https:\/\/conferences.dataxis.com\/es\/nxt-media-latin-america\/\"},{\"@type\":\"ListItem\",\"position\":3,\"name\":\"Registraci\u00f3n\"}]},{\"@type\":\"WebSite\",\"@id\":\"https:\/\/conferences.dataxis.com\/es\/#website\",\"url\":\"https:\/\/conferences.dataxis.com\/es\/\",\"name\":\"conferences dataxis\",\"description\":\"\",\"potentialAction\":[{\"@type\":\"SearchAction\",\"target\":{\"@type\":\"EntryPoint\",\"urlTemplate\":\"https:\/\/conferences.dataxis.com\/es\/?s={search_term_string}\"},\"query-input\":{\"@type\":\"PropertyValueSpecification\",\"valueRequired\":true,\"valueName\":\"search_term_string\"}}],\"inLanguage\":\"es\"}]}<\/script>\n<!-- \/ Yoast SEO plugin. -->","yoast_head_json":{"title":"Registraci\u00f3n - conferences dataxis","description":"\u00danete a NXT Media Days Mexico para explorar tendencias, establecer contactos con l\u00edderes y dar forma al futuro de los medios de comunicaci\u00f3n, la publicidad y la tecnolog\u00eda - Inscripci\u00f3n","robots":{"index":"index","follow":"follow","max-snippet":"max-snippet:-1","max-image-preview":"max-image-preview:large","max-video-preview":"max-video-preview:-1"},"canonical":"https:\/\/conferences.dataxis.com\/es\/nxt-media-latin-america\/registro\/","og_locale":"es_ES","og_type":"article","og_title":"Registraci\u00f3n - conferences dataxis","og_description":"\u00danete a NXT Media Days Mexico para explorar tendencias, establecer contactos con l\u00edderes y dar forma al futuro de los medios de comunicaci\u00f3n, la publicidad y la tecnolog\u00eda - Inscripci\u00f3n","og_url":"https:\/\/conferences.dataxis.com\/es\/nxt-media-latin-america\/registro\/","og_site_name":"conferences dataxis","article_modified_time":"2026-02-04T20:46:18+00:00","twitter_card":"summary_large_image","twitter_misc":{"Tiempo de lectura":"3 minutos"},"schema":{"@context":"https:\/\/schema.org","@graph":[{"@type":"WebPage","@id":"https:\/\/conferences.dataxis.com\/es\/nxt-media-latin-america\/registro\/","url":"https:\/\/conferences.dataxis.com\/es\/nxt-media-latin-america\/registro\/","name":"Registraci\u00f3n - conferences dataxis","isPartOf":{"@id":"https:\/\/conferences.dataxis.com\/es\/#website"},"datePublished":"2025-02-05T08:42:52+00:00","dateModified":"2026-02-04T20:46:18+00:00","description":"\u00danete a NXT Media Days Mexico para explorar tendencias, establecer contactos con l\u00edderes y dar forma al futuro de los medios de comunicaci\u00f3n, la publicidad y la tecnolog\u00eda - Inscripci\u00f3n","breadcrumb":{"@id":"https:\/\/conferences.dataxis.com\/es\/nxt-media-latin-america\/registro\/#breadcrumb"},"inLanguage":"es","potentialAction":[{"@type":"ReadAction","target":["https:\/\/conferences.dataxis.com\/es\/nxt-media-latin-america\/registro\/"]}]},{"@type":"BreadcrumbList","@id":"https:\/\/conferences.dataxis.com\/es\/nxt-media-latin-america\/registro\/#breadcrumb","itemListElement":[{"@type":"ListItem","position":1,"name":"Home","item":"https:\/\/conferences.dataxis.com\/es\/"},{"@type":"ListItem","position":2,"name":"NXT Media Days Latin America","item":"https:\/\/conferences.dataxis.com\/es\/nxt-media-latin-america\/"},{"@type":"ListItem","position":3,"name":"Registraci\u00f3n"}]},{"@type":"WebSite","@id":"https:\/\/conferences.dataxis.com\/es\/#website","url":"https:\/\/conferences.dataxis.com\/es\/","name":"conferences dataxis","description":"","potentialAction":[{"@type":"SearchAction","target":{"@type":"EntryPoint","urlTemplate":"https:\/\/conferences.dataxis.com\/es\/?s={search_term_string}"},"query-input":{"@type":"PropertyValueSpecification","valueRequired":true,"valueName":"search_term_string"}}],"inLanguage":"es"}]}},"_links":{"self":[{"href":"https:\/\/conferences.dataxis.com\/es\/wp-json\/wp\/v2\/pages\/17379","targetHints":{"allow":["GET"]}}],"collection":[{"href":"https:\/\/conferences.dataxis.com\/es\/wp-json\/wp\/v2\/pages"}],"about":[{"href":"https:\/\/conferences.dataxis.com\/es\/wp-json\/wp\/v2\/types\/page"}],"author":[{"embeddable":true,"href":"https:\/\/conferences.dataxis.com\/es\/wp-json\/wp\/v2\/users\/2"}],"replies":[{"embeddable":true,"href":"https:\/\/conferences.dataxis.com\/es\/wp-json\/wp\/v2\/comments?post=17379"}],"version-history":[{"count":2,"href":"https:\/\/conferences.dataxis.com\/es\/wp-json\/wp\/v2\/pages\/17379\/revisions"}],"predecessor-version":[{"id":18216,"href":"https:\/\/conferences.dataxis.com\/es\/wp-json\/wp\/v2\/pages\/17379\/revisions\/18216"}],"up":[{"embeddable":true,"href":"https:\/\/conferences.dataxis.com\/es\/wp-json\/wp\/v2\/pages\/5547"}],"wp:attachment":[{"href":"https:\/\/conferences.dataxis.com\/es\/wp-json\/wp\/v2\/media?parent=17379"}],"curies":[{"name":"wp","href":"https:\/\/api.w.org\/{rel}","templated":true}]}}