{"id":2495,"date":"2025-01-29T11:46:21","date_gmt":"2025-01-29T11:46:21","guid":{"rendered":"https:\/\/conferences.dataxis.com\/nxt-media-days-south-america\/"},"modified":"2025-03-10T12:45:55","modified_gmt":"2025-03-10T12:45:55","slug":"nxt-media-days-south-america","status":"publish","type":"page","link":"https:\/\/conferences.dataxis.com\/es\/nxt-media-days-south-america\/","title":{"rendered":"NXT Media Days South America"},"content":{"rendered":"\n<ul class=\"wp-block-list\">\n<li>NXT Media Days South America<\/li>\n\n\n\n<li>Nextv Series South America<\/li>\n\n\n\n<li>CTV Ad Days South America<\/li>\n\n\n\n<li>Commerce Media Days South America<\/li>\n<\/ul>\n\n<p>NXT Media Days fomenta la innovaci\u00f3n y la colaboraci\u00f3n en los medios de comunicaci\u00f3n y la publicidad. Al unir Nextv Series, CTV Ad Days y Commerce Media Days, ofrecemos una plataforma para que los profesionales del sector exploren tendencias y compartan puntos de vista. <\/p>\n\n<p>En primer lugar, Nextv Series re\u00fane a l\u00edderes de la televisi\u00f3n, actores del streaming y proveedores de tecnolog\u00eda para debatir sobre el futuro del streaming. Mire m\u00e1s all\u00e1 del horizonte y participe con l\u00edderes del mercado mundial y Dataxis para abordar la gran pregunta: \u00ab\u00bfY ahora qu\u00e9?\u00bb. <\/p>\n\n<p>A continuaci\u00f3n, CTV Ad Days crea oportunidades para que marcas, agencias, operadores y proveedores de tecnolog\u00eda intercambien ideas para una publicidad eficiente en TV y OTT. Colabore con Dataxis para explorar estrategias de publicidad program\u00e1tica, direccionable y televisiva. <\/p>\n\n<p>Finally, Commerce Media Days explores digital commerce advertising, from online retail to Digital Out-of-Home (DOOH). The event highlights innovative ad solutions reshaping customer journeys and boosting engagement and conversions across channels.<br\/><br\/><br\/>Contact us: <a href=\"https:\/\/conferences.dataxis.com\/nxt-media-days-south-america\/contact-us\/\">https:\/\/conferences.dataxis.com\/nxt-media-days-south-america\/contact-us\/<\/a><br\/>View all conferences: <a href=\"https:\/\/conferences.dataxis.com\/es\/\">https:\/\/conferences.dataxis.com\/<\/a><br\/><br\/>NXT Media Days brings together three dynamic event series, focusing on key areas of the media and advertising ecosystem. It\u2019s your gateway to the future of media.<\/p>\n\n<p>Innovation meets industry leaders to shape the next generation of content and advertising. By uniting Retail Media Days, Nextv Series, and CTV Ad Days, we create a cohesive hub. <\/p>\n\n<p>Los profesionales exploran tendencias, comparten puntos de vista y desarrollan estrategias para impulsar el futuro de los medios de comunicaci\u00f3n y la publicidad. En 2025, organizaremos siete eventos NXT Media Days. <\/p>\n","protected":false},"excerpt":{"rendered":"<p>NXT Media Days fomenta la innovaci\u00f3n y la colaboraci\u00f3n en los medios de comunicaci\u00f3n y la publicidad. Al unir Nextv Series, CTV Ad Days y Commerce Media Days, ofrecemos una plataforma para que los profesionales del sector exploren tendencias y compartan puntos de vista. En primer lugar, Nextv Series re\u00fane a l\u00edderes de la televisi\u00f3n, [&hellip;]<\/p>\n","protected":false},"author":2,"featured_media":0,"parent":0,"menu_order":0,"comment_status":"closed","ping_status":"closed","template":"page-templates\/template-Event-Home-page.php","meta":{"_acf_changed":false,"footnotes":""},"class_list":["post-2495","page","type-page","status-publish","hentry"],"acf":[],"yoast_head":"<!-- This site is optimized with the Yoast SEO plugin v26.6 - https:\/\/yoast.com\/wordpress\/plugins\/seo\/ -->\n<title>NXT Media Days South America - conferences dataxis<\/title>\n<meta name=\"description\" content=\"NXT Media Days South America fomenta la innovaci\u00f3n en los medios de comunicaci\u00f3n y la publicidad uniendo Nextv Series, CTV Ad Days, Commerce Media Days...\" \/>\n<meta name=\"robots\" content=\"index, follow, max-snippet:-1, max-image-preview:large, max-video-preview:-1\" \/>\n<link rel=\"canonical\" href=\"https:\/\/conferences.dataxis.com\/es\/nxt-media-days-south-america\/\" \/>\n<meta property=\"og:locale\" content=\"es_ES\" \/>\n<meta property=\"og:type\" content=\"article\" \/>\n<meta property=\"og:title\" content=\"NXT Media Days South America - conferences dataxis\" \/>\n<meta property=\"og:description\" content=\"NXT Media Days South America fomenta la innovaci\u00f3n en los medios de comunicaci\u00f3n y la publicidad uniendo Nextv Series, CTV Ad Days, Commerce Media Days...\" \/>\n<meta property=\"og:url\" content=\"https:\/\/conferences.dataxis.com\/es\/nxt-media-days-south-america\/\" \/>\n<meta property=\"og:site_name\" content=\"conferences dataxis\" \/>\n<meta property=\"article:modified_time\" content=\"2025-03-10T12:45:55+00:00\" \/>\n<meta name=\"twitter:card\" content=\"summary_large_image\" \/>\n<meta name=\"twitter:label1\" content=\"Tiempo de lectura\" \/>\n\t<meta name=\"twitter:data1\" content=\"2 minutos\" \/>\n<script type=\"application\/ld+json\" class=\"yoast-schema-graph\">{\"@context\":\"https:\/\/schema.org\",\"@graph\":[{\"@type\":\"WebPage\",\"@id\":\"https:\/\/conferences.dataxis.com\/es\/nxt-media-days-south-america\/\",\"url\":\"https:\/\/conferences.dataxis.com\/es\/nxt-media-days-south-america\/\",\"name\":\"NXT Media Days South America - conferences dataxis\",\"isPartOf\":{\"@id\":\"https:\/\/conferences.dataxis.com\/es\/#website\"},\"datePublished\":\"2025-01-29T11:46:21+00:00\",\"dateModified\":\"2025-03-10T12:45:55+00:00\",\"description\":\"NXT Media Days South America fomenta la innovaci\u00f3n en los medios de comunicaci\u00f3n y la publicidad uniendo Nextv Series, CTV Ad Days, Commerce Media Days...\",\"breadcrumb\":{\"@id\":\"https:\/\/conferences.dataxis.com\/es\/nxt-media-days-south-america\/#breadcrumb\"},\"inLanguage\":\"es\",\"potentialAction\":[{\"@type\":\"ReadAction\",\"target\":[\"https:\/\/conferences.dataxis.com\/es\/nxt-media-days-south-america\/\"]}]},{\"@type\":\"BreadcrumbList\",\"@id\":\"https:\/\/conferences.dataxis.com\/es\/nxt-media-days-south-america\/#breadcrumb\",\"itemListElement\":[{\"@type\":\"ListItem\",\"position\":1,\"name\":\"Home\",\"item\":\"https:\/\/conferences.dataxis.com\/es\/\"},{\"@type\":\"ListItem\",\"position\":2,\"name\":\"NXT Media Days South America\"}]},{\"@type\":\"WebSite\",\"@id\":\"https:\/\/conferences.dataxis.com\/es\/#website\",\"url\":\"https:\/\/conferences.dataxis.com\/es\/\",\"name\":\"conferences dataxis\",\"description\":\"\",\"potentialAction\":[{\"@type\":\"SearchAction\",\"target\":{\"@type\":\"EntryPoint\",\"urlTemplate\":\"https:\/\/conferences.dataxis.com\/es\/?s={search_term_string}\"},\"query-input\":{\"@type\":\"PropertyValueSpecification\",\"valueRequired\":true,\"valueName\":\"search_term_string\"}}],\"inLanguage\":\"es\"}]}<\/script>\n<!-- \/ Yoast SEO plugin. -->","yoast_head_json":{"title":"NXT Media Days South America - conferences dataxis","description":"NXT Media Days South America fomenta la innovaci\u00f3n en los medios de comunicaci\u00f3n y la publicidad uniendo Nextv Series, CTV Ad Days, Commerce Media Days...","robots":{"index":"index","follow":"follow","max-snippet":"max-snippet:-1","max-image-preview":"max-image-preview:large","max-video-preview":"max-video-preview:-1"},"canonical":"https:\/\/conferences.dataxis.com\/es\/nxt-media-days-south-america\/","og_locale":"es_ES","og_type":"article","og_title":"NXT Media Days South America - conferences dataxis","og_description":"NXT Media Days South America fomenta la innovaci\u00f3n en los medios de comunicaci\u00f3n y la publicidad uniendo Nextv Series, CTV Ad Days, Commerce Media Days...","og_url":"https:\/\/conferences.dataxis.com\/es\/nxt-media-days-south-america\/","og_site_name":"conferences dataxis","article_modified_time":"2025-03-10T12:45:55+00:00","twitter_card":"summary_large_image","twitter_misc":{"Tiempo de lectura":"2 minutos"},"schema":{"@context":"https:\/\/schema.org","@graph":[{"@type":"WebPage","@id":"https:\/\/conferences.dataxis.com\/es\/nxt-media-days-south-america\/","url":"https:\/\/conferences.dataxis.com\/es\/nxt-media-days-south-america\/","name":"NXT Media Days South America - conferences dataxis","isPartOf":{"@id":"https:\/\/conferences.dataxis.com\/es\/#website"},"datePublished":"2025-01-29T11:46:21+00:00","dateModified":"2025-03-10T12:45:55+00:00","description":"NXT Media Days South America fomenta la innovaci\u00f3n en los medios de comunicaci\u00f3n y la publicidad uniendo Nextv Series, CTV Ad Days, Commerce Media Days...","breadcrumb":{"@id":"https:\/\/conferences.dataxis.com\/es\/nxt-media-days-south-america\/#breadcrumb"},"inLanguage":"es","potentialAction":[{"@type":"ReadAction","target":["https:\/\/conferences.dataxis.com\/es\/nxt-media-days-south-america\/"]}]},{"@type":"BreadcrumbList","@id":"https:\/\/conferences.dataxis.com\/es\/nxt-media-days-south-america\/#breadcrumb","itemListElement":[{"@type":"ListItem","position":1,"name":"Home","item":"https:\/\/conferences.dataxis.com\/es\/"},{"@type":"ListItem","position":2,"name":"NXT Media Days South America"}]},{"@type":"WebSite","@id":"https:\/\/conferences.dataxis.com\/es\/#website","url":"https:\/\/conferences.dataxis.com\/es\/","name":"conferences dataxis","description":"","potentialAction":[{"@type":"SearchAction","target":{"@type":"EntryPoint","urlTemplate":"https:\/\/conferences.dataxis.com\/es\/?s={search_term_string}"},"query-input":{"@type":"PropertyValueSpecification","valueRequired":true,"valueName":"search_term_string"}}],"inLanguage":"es"}]}},"_links":{"self":[{"href":"https:\/\/conferences.dataxis.com\/es\/wp-json\/wp\/v2\/pages\/2495","targetHints":{"allow":["GET"]}}],"collection":[{"href":"https:\/\/conferences.dataxis.com\/es\/wp-json\/wp\/v2\/pages"}],"about":[{"href":"https:\/\/conferences.dataxis.com\/es\/wp-json\/wp\/v2\/types\/page"}],"author":[{"embeddable":true,"href":"https:\/\/conferences.dataxis.com\/es\/wp-json\/wp\/v2\/users\/2"}],"replies":[{"embeddable":true,"href":"https:\/\/conferences.dataxis.com\/es\/wp-json\/wp\/v2\/comments?post=2495"}],"version-history":[{"count":11,"href":"https:\/\/conferences.dataxis.com\/es\/wp-json\/wp\/v2\/pages\/2495\/revisions"}],"predecessor-version":[{"id":7350,"href":"https:\/\/conferences.dataxis.com\/es\/wp-json\/wp\/v2\/pages\/2495\/revisions\/7350"}],"wp:attachment":[{"href":"https:\/\/conferences.dataxis.com\/es\/wp-json\/wp\/v2\/media?parent=2495"}],"curies":[{"name":"wp","href":"https:\/\/api.w.org\/{rel}","templated":true}]}}