{"id":3955,"date":"2025-02-05T05:22:48","date_gmt":"2025-02-05T05:22:48","guid":{"rendered":"https:\/\/conferences.dataxis.com\/?page_id=3955"},"modified":"2025-02-13T09:10:04","modified_gmt":"2025-02-13T09:10:04","slug":"retech-days-mexico","status":"publish","type":"page","link":"https:\/\/conferences.dataxis.com\/es\/retech-days-mexico\/","title":{"rendered":"Retech Days Mexico"},"content":{"rendered":"\n<h3 class=\"wp-block-heading\"><strong>\u00danete a Retech Days Mexico 2025 \u2013 El Evento L\u00edder en Reacondicionamiento de Smartphones<\/strong><\/h3>\n\n\n\n<p><strong>Reserva la fecha:<\/strong> El <strong>30 de septiembre de 2025<\/strong>, Ciudad de M\u00e9xico ser\u00e1 el punto de encuentro para l\u00edderes de la industria, reacondicionadores, operadores de telecomunicaciones y expertos en sostenibilidad. Este evento imperdible explorar\u00e1 el impacto del reacondicionamiento de smartphones en la econom\u00eda circular del pa\u00eds. Retech Days Mexico<\/p>\n\n\n\n<p>Dado el creciente inter\u00e9s por los dispositivos reacondicionados, las empresas enfrentan nuevos retos y oportunidades. Por eso, <strong>Retech Days Mexico 2025<\/strong> ofrecer\u00e1 informaci\u00f3n clave sobre sostenibilidad, crecimiento del mercado, desaf\u00edos en la cadena de suministro y programas de recompra.<\/p>\n\n\n\n<h3 class=\"wp-block-heading\"><strong>\u00bfPor qu\u00e9 asistir?<\/strong><\/h3>\n\n\n\n<p>\u2705 <strong>Aprende de expertos<\/strong> \u2013 Descubre las \u00faltimas tendencias del mercado de smartphones reacondicionados. Conoce el auge de los dispositivos de segunda mano y estrategias para garantizar su calidad. Estos conocimientos te ayudar\u00e1n a tomar mejores decisiones.<\/p>\n\n\n\n<p>\u2705 <strong>Ampl\u00eda tu red de contactos<\/strong> \u2013 Con\u00e9ctate con ejecutivos, l\u00edderes del sector y tomadores de decisiones. Si buscas nuevas alianzas o asesor\u00eda de expertos, este evento es la plataforma ideal.<\/p>\n\n\n\n<p>\u2705 <strong>Comprende el mercado<\/strong> \u2013 Explora tendencias clave, como la sostenibilidad de los fabricantes (OEM), el papel de los operadores de telecomunicaciones y la influencia de los mercados secundarios. Adem\u00e1s, descubre c\u00f3mo las empresas enfrentan restricciones en la cadena de suministro sin comprometer la calidad.<\/p>\n\n\n\n<p>\u2705 <strong>M\u00e1s que smartphones<\/strong> \u2013 Aunque el foco principal ser\u00e1 el reacondicionamiento de tel\u00e9fonos, tambi\u00e9n analizaremos otros sectores de la econom\u00eda circular. Aprender\u00e1s sobre mercados secundarios de equipos CPE, consolas de videojuegos y otros dispositivos electr\u00f3nicos.<\/p>\n\n\n\n<h3 class=\"wp-block-heading\"><strong>Temas clave en la agenda<\/strong><\/h3>\n\n\n\n<ul class=\"wp-block-list\">\n<li><mark class=\"annotation-text annotation-text-yoast\" id=\"annotation-text-aadb2be3-0659-4db8-81c7-15ad57cc5e5e\">Factores que impulsan el crecimiento del mercado de smartphones reacondicionados: \u00bfprecio, sostenibilidad o ambos?<\/mark><\/li>\n<\/ul>\n\n\n\n<ul class=\"wp-block-list\">\n<li>Compromiso de los fabricantes (OEM) con la sostenibilidad real de los dispositivos.<\/li>\n<\/ul>\n\n\n\n<ul class=\"wp-block-list\">\n<li>Oportunidades de crecimiento del mercado de smartphones reacondicionados en M\u00e9xico ante cambios regulatorios.<\/li>\n<\/ul>\n\n\n\n<ul class=\"wp-block-list\">\n<li>Estrategias para superar desaf\u00edos de suministro y garantizar una oferta estable de dispositivos.<\/li>\n<\/ul>\n\n\n\n<ul class=\"wp-block-list\">\n<li>Mejores pr\u00e1cticas para clasificar y certificar la calidad de los terminales reacondicionados.<\/li>\n<\/ul>\n\n\n\n<ul class=\"wp-block-list\">\n<li><mark class=\"annotation-text annotation-text-yoast\" id=\"annotation-text-85b931a9-272a-4fc0-80a9-846c6a702562\">Rol de los operadores de telecomunicaciones en la sostenibilidad y la evoluci\u00f3n de los programas de recompra.<\/mark><\/li>\n<\/ul>\n\n\n\n<ul class=\"wp-block-list\">\n<li><mark class=\"annotation-text annotation-text-yoast\" id=\"annotation-text-cdf4951d-fdeb-454c-9eb3-dd2e50fdb614\">Obst\u00e1culos en la productividad del reacondicionamiento y formas de mejorar la eficiencia.<\/mark><\/li>\n<\/ul>\n\n\n\n<ul class=\"wp-block-list\">\n<li>Globalizaci\u00f3n y reacondicionamiento: \u00bfun impulso para la sostenibilidad o una amenaza competitiva?<\/li>\n<\/ul>\n\n\n\n<ul class=\"wp-block-list\">\n<li>Futuro del <strong>Mobile Device as a Service (MDaaS)<\/strong> y su impacto en la movilidad empresarial.<\/li>\n<\/ul>\n\n\n\n<h3 class=\"wp-block-heading\"><strong>Forma parte del movimiento de la econom\u00eda circular<\/strong><\/h3>\n\n\n\n<p>La sostenibilidad es un pilar clave en el mundo empresarial actual. El reacondicionamiento de smartphones reduce desechos electr\u00f3nicos y prolonga la vida \u00fatil de los dispositivos. <strong>Retech Days Mexico 2025<\/strong> te permitir\u00e1 estar a la vanguardia, aprender de expertos y aplicar estrategias efectivas en la econom\u00eda circular.<\/p>\n\n\n\n<p>\ud83d\ude80 <strong>\u00a1No te lo pierdas!<\/strong> Acomp\u00e1\u00f1anos en Ciudad de M\u00e9xico el <strong>30 de septiembre de 2025<\/strong> y s\u00e9 parte de la conversaci\u00f3n que dar\u00e1 forma al futuro del reacondicionamiento de smartphones.<\/p>\n\n\n\n<p>\ud83d\udd17 <strong>Reg\u00edstrate ahora y asegura tu lugar!<\/strong><br><br><a href=\"https:\/\/dataxis.com\/conferences\/\">https:\/\/dataxis.com\/conferences\/<\/a> <a href=\"https:\/\/www.linkedin.com\/showcase\/retech-days-mexico\/\">https:\/\/www.linkedin.com\/showcase\/retech-days-mexico\/<\/a><\/p>\n","protected":false},"excerpt":{"rendered":"<p>\u00danete a Retech Days Mexico 2025 \u2013 El Evento L\u00edder en Reacondicionamiento de Smartphones Reserva la fecha: El 30 de septiembre de 2025, Ciudad de M\u00e9xico ser\u00e1 el punto de encuentro para l\u00edderes de la industria, reacondicionadores, operadores de telecomunicaciones y expertos en sostenibilidad. Este evento imperdible explorar\u00e1 el impacto del reacondicionamiento de smartphones en [&hellip;]<\/p>\n","protected":false},"author":2,"featured_media":0,"parent":0,"menu_order":0,"comment_status":"closed","ping_status":"closed","template":"page-templates\/template-Event-Home-page.php","meta":{"_acf_changed":false,"footnotes":""},"class_list":["post-3955","page","type-page","status-publish","hentry"],"acf":[],"yoast_head":"<!-- This site is optimized with the Yoast SEO plugin v26.6 - https:\/\/yoast.com\/wordpress\/plugins\/seo\/ -->\n<title>Retech Days Mexico - conferences dataxis<\/title>\n<meta name=\"description\" content=\"\u00danete a Retech Days Mexico 2025 y descubre las \u00faltimas tendencias en reacondicionamiento de smartphones. \u00a1Reg\u00edstrate ahora!\" \/>\n<meta name=\"robots\" content=\"index, follow, max-snippet:-1, max-image-preview:large, max-video-preview:-1\" \/>\n<link rel=\"canonical\" href=\"https:\/\/conferences.dataxis.com\/es\/retech-days-mexico\/\" \/>\n<meta property=\"og:locale\" content=\"es_ES\" \/>\n<meta property=\"og:type\" content=\"article\" \/>\n<meta property=\"og:title\" content=\"Retech Days Mexico - conferences dataxis\" \/>\n<meta property=\"og:description\" content=\"\u00danete a Retech Days Mexico 2025 y descubre las \u00faltimas tendencias en reacondicionamiento de smartphones. \u00a1Reg\u00edstrate ahora!\" \/>\n<meta property=\"og:url\" content=\"https:\/\/conferences.dataxis.com\/es\/retech-days-mexico\/\" \/>\n<meta property=\"og:site_name\" content=\"conferences dataxis\" \/>\n<meta property=\"article:modified_time\" content=\"2025-02-13T09:10:04+00:00\" \/>\n<meta name=\"twitter:card\" content=\"summary_large_image\" \/>\n<meta name=\"twitter:label1\" content=\"Tiempo de lectura\" \/>\n\t<meta name=\"twitter:data1\" content=\"3 minutos\" \/>\n<script type=\"application\/ld+json\" class=\"yoast-schema-graph\">{\"@context\":\"https:\/\/schema.org\",\"@graph\":[{\"@type\":\"WebPage\",\"@id\":\"https:\/\/conferences.dataxis.com\/es\/retech-days-mexico\/\",\"url\":\"https:\/\/conferences.dataxis.com\/es\/retech-days-mexico\/\",\"name\":\"Retech Days Mexico - conferences dataxis\",\"isPartOf\":{\"@id\":\"https:\/\/conferences.dataxis.com\/es\/#website\"},\"datePublished\":\"2025-02-05T05:22:48+00:00\",\"dateModified\":\"2025-02-13T09:10:04+00:00\",\"description\":\"\u00danete a Retech Days Mexico 2025 y descubre las \u00faltimas tendencias en reacondicionamiento de smartphones. \u00a1Reg\u00edstrate ahora!\",\"breadcrumb\":{\"@id\":\"https:\/\/conferences.dataxis.com\/es\/retech-days-mexico\/#breadcrumb\"},\"inLanguage\":\"es\",\"potentialAction\":[{\"@type\":\"ReadAction\",\"target\":[\"https:\/\/conferences.dataxis.com\/es\/retech-days-mexico\/\"]}]},{\"@type\":\"BreadcrumbList\",\"@id\":\"https:\/\/conferences.dataxis.com\/es\/retech-days-mexico\/#breadcrumb\",\"itemListElement\":[{\"@type\":\"ListItem\",\"position\":1,\"name\":\"Home\",\"item\":\"https:\/\/conferences.dataxis.com\/es\/\"},{\"@type\":\"ListItem\",\"position\":2,\"name\":\"Retech Days Mexico\"}]},{\"@type\":\"WebSite\",\"@id\":\"https:\/\/conferences.dataxis.com\/es\/#website\",\"url\":\"https:\/\/conferences.dataxis.com\/es\/\",\"name\":\"conferences dataxis\",\"description\":\"\",\"potentialAction\":[{\"@type\":\"SearchAction\",\"target\":{\"@type\":\"EntryPoint\",\"urlTemplate\":\"https:\/\/conferences.dataxis.com\/es\/?s={search_term_string}\"},\"query-input\":{\"@type\":\"PropertyValueSpecification\",\"valueRequired\":true,\"valueName\":\"search_term_string\"}}],\"inLanguage\":\"es\"}]}<\/script>\n<!-- \/ Yoast SEO plugin. -->","yoast_head_json":{"title":"Retech Days Mexico - conferences dataxis","description":"\u00danete a Retech Days Mexico 2025 y descubre las \u00faltimas tendencias en reacondicionamiento de smartphones. \u00a1Reg\u00edstrate ahora!","robots":{"index":"index","follow":"follow","max-snippet":"max-snippet:-1","max-image-preview":"max-image-preview:large","max-video-preview":"max-video-preview:-1"},"canonical":"https:\/\/conferences.dataxis.com\/es\/retech-days-mexico\/","og_locale":"es_ES","og_type":"article","og_title":"Retech Days Mexico - conferences dataxis","og_description":"\u00danete a Retech Days Mexico 2025 y descubre las \u00faltimas tendencias en reacondicionamiento de smartphones. \u00a1Reg\u00edstrate ahora!","og_url":"https:\/\/conferences.dataxis.com\/es\/retech-days-mexico\/","og_site_name":"conferences dataxis","article_modified_time":"2025-02-13T09:10:04+00:00","twitter_card":"summary_large_image","twitter_misc":{"Tiempo de lectura":"3 minutos"},"schema":{"@context":"https:\/\/schema.org","@graph":[{"@type":"WebPage","@id":"https:\/\/conferences.dataxis.com\/es\/retech-days-mexico\/","url":"https:\/\/conferences.dataxis.com\/es\/retech-days-mexico\/","name":"Retech Days Mexico - conferences dataxis","isPartOf":{"@id":"https:\/\/conferences.dataxis.com\/es\/#website"},"datePublished":"2025-02-05T05:22:48+00:00","dateModified":"2025-02-13T09:10:04+00:00","description":"\u00danete a Retech Days Mexico 2025 y descubre las \u00faltimas tendencias en reacondicionamiento de smartphones. \u00a1Reg\u00edstrate ahora!","breadcrumb":{"@id":"https:\/\/conferences.dataxis.com\/es\/retech-days-mexico\/#breadcrumb"},"inLanguage":"es","potentialAction":[{"@type":"ReadAction","target":["https:\/\/conferences.dataxis.com\/es\/retech-days-mexico\/"]}]},{"@type":"BreadcrumbList","@id":"https:\/\/conferences.dataxis.com\/es\/retech-days-mexico\/#breadcrumb","itemListElement":[{"@type":"ListItem","position":1,"name":"Home","item":"https:\/\/conferences.dataxis.com\/es\/"},{"@type":"ListItem","position":2,"name":"Retech Days Mexico"}]},{"@type":"WebSite","@id":"https:\/\/conferences.dataxis.com\/es\/#website","url":"https:\/\/conferences.dataxis.com\/es\/","name":"conferences dataxis","description":"","potentialAction":[{"@type":"SearchAction","target":{"@type":"EntryPoint","urlTemplate":"https:\/\/conferences.dataxis.com\/es\/?s={search_term_string}"},"query-input":{"@type":"PropertyValueSpecification","valueRequired":true,"valueName":"search_term_string"}}],"inLanguage":"es"}]}},"_links":{"self":[{"href":"https:\/\/conferences.dataxis.com\/es\/wp-json\/wp\/v2\/pages\/3955","targetHints":{"allow":["GET"]}}],"collection":[{"href":"https:\/\/conferences.dataxis.com\/es\/wp-json\/wp\/v2\/pages"}],"about":[{"href":"https:\/\/conferences.dataxis.com\/es\/wp-json\/wp\/v2\/types\/page"}],"author":[{"embeddable":true,"href":"https:\/\/conferences.dataxis.com\/es\/wp-json\/wp\/v2\/users\/2"}],"replies":[{"embeddable":true,"href":"https:\/\/conferences.dataxis.com\/es\/wp-json\/wp\/v2\/comments?post=3955"}],"version-history":[{"count":3,"href":"https:\/\/conferences.dataxis.com\/es\/wp-json\/wp\/v2\/pages\/3955\/revisions"}],"predecessor-version":[{"id":4504,"href":"https:\/\/conferences.dataxis.com\/es\/wp-json\/wp\/v2\/pages\/3955\/revisions\/4504"}],"wp:attachment":[{"href":"https:\/\/conferences.dataxis.com\/es\/wp-json\/wp\/v2\/media?parent=3955"}],"curies":[{"name":"wp","href":"https:\/\/api.w.org\/{rel}","templated":true}]}}