{"id":5547,"date":"2025-02-05T08:34:26","date_gmt":"2025-02-05T08:34:26","guid":{"rendered":"https:\/\/conferences.dataxis.com\/nxt-media-days-mexico\/"},"modified":"2026-02-09T05:30:41","modified_gmt":"2026-02-09T05:30:41","slug":"nxt-media-latin-america","status":"publish","type":"page","link":"https:\/\/conferences.dataxis.com\/es\/nxt-media-latin-america\/","title":{"rendered":"NXT Media Days Latin America"},"content":{"rendered":"\n<h3 class=\"wp-block-heading\"><strong>NXT Media Days Latin America \u2013 Ciudad de M\u00e9xico<\/strong><\/h3>\n\n\n\n<p><strong>NXT Media Days Latin America<\/strong> es la plataforma l\u00edder que impulsa la <strong>innovaci\u00f3n y colaboraci\u00f3n en medios, streaming, publicidad digital y comercio en l\u00ednea<\/strong> en Am\u00e9rica Latina. Al integrar <strong>NXT Media Days, Commerce Media Days y Own Stream Days<\/strong>, ofrece un espacio \u00fanico para explorar tendencias, compartir ideas clave y generar nuevas oportunidades de negocio.<\/p>\n\n\n\n<h4 class=\"wp-block-heading\"><strong>NXT Media Days<\/strong><\/h4>\n\n\n\n<p>Regresa a M\u00e9xico con un entorno ideal para <strong>networking, desarrollo de negocios e innovaci\u00f3n en distribuci\u00f3n de video, monetizaci\u00f3n de contenidos y publicidad digital<\/strong>. Es un evento imprescindible para profesionales del sector audiovisual y digital que buscan <strong>estrategias multiplataforma y soluciones data-driven<\/strong>.<\/p>\n\n\n\n<h4 class=\"wp-block-heading\"><strong>Own Stream Days<\/strong><\/h4>\n\n\n\n<p>Re\u00fane a los l\u00edderes que est\u00e1n definiendo el futuro de la <strong>distribuci\u00f3n digital first, operaciones en YouTube y monetizaci\u00f3n directa de audiencias<\/strong> en Am\u00e9rica Latina. El evento analiza c\u00f3mo <strong>creadores, medios, plataformas tecnol\u00f3gicas y proveedores de soluciones<\/strong> est\u00e1n transformando los flujos de producci\u00f3n de contenido y las estrategias de ingresos con <strong>datos, automatizaci\u00f3n e inteligencia artificial<\/strong>.<\/p>\n\n\n\n<h4 class=\"wp-block-heading\"><strong>Commerce Media Days<\/strong><\/h4>\n\n\n\n<p>Se centra en la <strong>publicidad en comercio digital<\/strong>, desde retail online hasta DOOH, mostrando soluciones innovadoras que transforman la <strong>experiencia del cliente<\/strong> y optimizan la interacci\u00f3n y conversi\u00f3n de audiencias.<\/p>\n\n\n\n<h4 class=\"wp-block-heading\"><strong>\u00bfPor qu\u00e9 asistir?<\/strong><\/h4>\n\n\n\n<p>NXT Media Days Latin America re\u00fane tres eventos complementarios que ofrecen <strong>acceso estrat\u00e9gico al futuro de los medios, streaming y publicidad digital<\/strong>. Los profesionales exploran tendencias, intercambian conocimientos y desarrollan estrategias para <strong>maximizar ingresos y engagement en entornos multiplataforma<\/strong>.<br>En 2026, NXT Media Days organizar\u00e1 <strong>siete eventos en la regi\u00f3n<\/strong>, consolid\u00e1ndose como el punto de encuentro clave de la industria.<\/p>\n\n\n\n<h3 class=\"wp-block-heading\"><strong>Cont\u00e1ctanos:<\/strong><\/h3>\n\n\n\n<p>Consulta todas las conferencias: <strong><a href=\"https:\/\/dataxis.com\/conferences\/\" target=\"_blank\" rel=\"noreferrer noopener\">Dataxis Conferences<\/a><\/strong><br><a href=\"https:\/\/mx.linkedin.com\/showcase\/nxt-media-days-latin\/\" target=\"_blank\" rel=\"noreferrer noopener\">https:\/\/mx.linkedin.com\/showcase\/nxt-media-days-latin\/<\/a><br><a href=\"https:\/\/conferences.dataxis.com\/es\/nxt-media-days-mexico\/\">https:\/\/conferences.dataxis.com\/es\/nxt-media-days-mexico\/<\/a><\/p>\n\n\n\n<p><\/p>\n","protected":false},"excerpt":{"rendered":"<p>NXT Media Days Latin America \u2013 Ciudad de M\u00e9xico NXT Media Days Latin America es la plataforma l\u00edder que impulsa la innovaci\u00f3n y colaboraci\u00f3n en medios, streaming, publicidad digital y comercio en l\u00ednea en Am\u00e9rica Latina. Al integrar NXT Media Days, Commerce Media Days y Own Stream Days, ofrece un espacio \u00fanico para explorar tendencias, [&hellip;]<\/p>\n","protected":false},"author":2,"featured_media":33408,"parent":0,"menu_order":0,"comment_status":"closed","ping_status":"closed","template":"page-templates\/template-Event-Home-page.php","meta":{"_acf_changed":false,"footnotes":""},"class_list":["post-5547","page","type-page","status-publish","has-post-thumbnail","hentry"],"acf":[],"yoast_head":"<!-- This site is optimized with the Yoast SEO plugin v26.6 - https:\/\/yoast.com\/wordpress\/plugins\/seo\/ -->\n<title>NXT Media Days Latin America - conferences dataxis<\/title>\n<meta name=\"description\" content=\"NXT Media Days Mexico re\u00fane a expertos en medios, publicidad y tecnolog\u00eda para explorar tendencias clave en streaming, CTV y comercio digital.\" \/>\n<meta name=\"robots\" content=\"index, follow, max-snippet:-1, max-image-preview:large, max-video-preview:-1\" \/>\n<link rel=\"canonical\" href=\"https:\/\/conferences.dataxis.com\/es\/nxt-media-latin-america\/\" \/>\n<meta property=\"og:locale\" content=\"es_ES\" \/>\n<meta property=\"og:type\" content=\"article\" \/>\n<meta property=\"og:title\" content=\"NXT Media Days Latin America - conferences dataxis\" \/>\n<meta property=\"og:description\" content=\"NXT Media Days Mexico re\u00fane a expertos en medios, publicidad y tecnolog\u00eda para explorar tendencias clave en streaming, CTV y comercio digital.\" \/>\n<meta property=\"og:url\" content=\"https:\/\/conferences.dataxis.com\/es\/nxt-media-latin-america\/\" \/>\n<meta property=\"og:site_name\" content=\"conferences dataxis\" \/>\n<meta property=\"article:modified_time\" content=\"2026-02-09T05:30:41+00:00\" \/>\n<meta property=\"og:image\" content=\"http:\/\/conferences.dataxis.com\/wp-content\/uploads\/2025\/12\/NXT-Media-LATAM-2.png\" \/>\n\t<meta property=\"og:image:width\" content=\"2000\" \/>\n\t<meta property=\"og:image:height\" content=\"1500\" \/>\n\t<meta property=\"og:image:type\" content=\"image\/png\" \/>\n<meta name=\"twitter:card\" content=\"summary_large_image\" \/>\n<meta name=\"twitter:label1\" content=\"Tiempo de lectura\" \/>\n\t<meta name=\"twitter:data1\" content=\"2 minutos\" \/>\n<script type=\"application\/ld+json\" class=\"yoast-schema-graph\">{\"@context\":\"https:\/\/schema.org\",\"@graph\":[{\"@type\":\"WebPage\",\"@id\":\"https:\/\/conferences.dataxis.com\/es\/nxt-media-latin-america\/\",\"url\":\"https:\/\/conferences.dataxis.com\/es\/nxt-media-latin-america\/\",\"name\":\"NXT Media Days Latin America - conferences dataxis\",\"isPartOf\":{\"@id\":\"https:\/\/conferences.dataxis.com\/es\/#website\"},\"primaryImageOfPage\":{\"@id\":\"https:\/\/conferences.dataxis.com\/es\/nxt-media-latin-america\/#primaryimage\"},\"image\":{\"@id\":\"https:\/\/conferences.dataxis.com\/es\/nxt-media-latin-america\/#primaryimage\"},\"thumbnailUrl\":\"https:\/\/conferences.dataxis.com\/wp-content\/uploads\/2025\/12\/NXT-Media-LATAM-2.png\",\"datePublished\":\"2025-02-05T08:34:26+00:00\",\"dateModified\":\"2026-02-09T05:30:41+00:00\",\"description\":\"NXT Media Days Mexico re\u00fane a expertos en medios, publicidad y tecnolog\u00eda para explorar tendencias clave en streaming, CTV y comercio digital.\",\"breadcrumb\":{\"@id\":\"https:\/\/conferences.dataxis.com\/es\/nxt-media-latin-america\/#breadcrumb\"},\"inLanguage\":\"es\",\"potentialAction\":[{\"@type\":\"ReadAction\",\"target\":[\"https:\/\/conferences.dataxis.com\/es\/nxt-media-latin-america\/\"]}]},{\"@type\":\"ImageObject\",\"inLanguage\":\"es\",\"@id\":\"https:\/\/conferences.dataxis.com\/es\/nxt-media-latin-america\/#primaryimage\",\"url\":\"https:\/\/conferences.dataxis.com\/wp-content\/uploads\/2025\/12\/NXT-Media-LATAM-2.png\",\"contentUrl\":\"https:\/\/conferences.dataxis.com\/wp-content\/uploads\/2025\/12\/NXT-Media-LATAM-2.png\",\"width\":2000,\"height\":1500},{\"@type\":\"BreadcrumbList\",\"@id\":\"https:\/\/conferences.dataxis.com\/es\/nxt-media-latin-america\/#breadcrumb\",\"itemListElement\":[{\"@type\":\"ListItem\",\"position\":1,\"name\":\"Home\",\"item\":\"https:\/\/conferences.dataxis.com\/es\/\"},{\"@type\":\"ListItem\",\"position\":2,\"name\":\"NXT Media Days Latin America\"}]},{\"@type\":\"WebSite\",\"@id\":\"https:\/\/conferences.dataxis.com\/es\/#website\",\"url\":\"https:\/\/conferences.dataxis.com\/es\/\",\"name\":\"conferences dataxis\",\"description\":\"\",\"potentialAction\":[{\"@type\":\"SearchAction\",\"target\":{\"@type\":\"EntryPoint\",\"urlTemplate\":\"https:\/\/conferences.dataxis.com\/es\/?s={search_term_string}\"},\"query-input\":{\"@type\":\"PropertyValueSpecification\",\"valueRequired\":true,\"valueName\":\"search_term_string\"}}],\"inLanguage\":\"es\"}]}<\/script>\n<!-- \/ Yoast SEO plugin. -->","yoast_head_json":{"title":"NXT Media Days Latin America - conferences dataxis","description":"NXT Media Days Mexico re\u00fane a expertos en medios, publicidad y tecnolog\u00eda para explorar tendencias clave en streaming, CTV y comercio digital.","robots":{"index":"index","follow":"follow","max-snippet":"max-snippet:-1","max-image-preview":"max-image-preview:large","max-video-preview":"max-video-preview:-1"},"canonical":"https:\/\/conferences.dataxis.com\/es\/nxt-media-latin-america\/","og_locale":"es_ES","og_type":"article","og_title":"NXT Media Days Latin America - conferences dataxis","og_description":"NXT Media Days Mexico re\u00fane a expertos en medios, publicidad y tecnolog\u00eda para explorar tendencias clave en streaming, CTV y comercio digital.","og_url":"https:\/\/conferences.dataxis.com\/es\/nxt-media-latin-america\/","og_site_name":"conferences dataxis","article_modified_time":"2026-02-09T05:30:41+00:00","og_image":[{"width":2000,"height":1500,"url":"http:\/\/conferences.dataxis.com\/wp-content\/uploads\/2025\/12\/NXT-Media-LATAM-2.png","type":"image\/png"}],"twitter_card":"summary_large_image","twitter_misc":{"Tiempo de lectura":"2 minutos"},"schema":{"@context":"https:\/\/schema.org","@graph":[{"@type":"WebPage","@id":"https:\/\/conferences.dataxis.com\/es\/nxt-media-latin-america\/","url":"https:\/\/conferences.dataxis.com\/es\/nxt-media-latin-america\/","name":"NXT Media Days Latin America - conferences dataxis","isPartOf":{"@id":"https:\/\/conferences.dataxis.com\/es\/#website"},"primaryImageOfPage":{"@id":"https:\/\/conferences.dataxis.com\/es\/nxt-media-latin-america\/#primaryimage"},"image":{"@id":"https:\/\/conferences.dataxis.com\/es\/nxt-media-latin-america\/#primaryimage"},"thumbnailUrl":"https:\/\/conferences.dataxis.com\/wp-content\/uploads\/2025\/12\/NXT-Media-LATAM-2.png","datePublished":"2025-02-05T08:34:26+00:00","dateModified":"2026-02-09T05:30:41+00:00","description":"NXT Media Days Mexico re\u00fane a expertos en medios, publicidad y tecnolog\u00eda para explorar tendencias clave en streaming, CTV y comercio digital.","breadcrumb":{"@id":"https:\/\/conferences.dataxis.com\/es\/nxt-media-latin-america\/#breadcrumb"},"inLanguage":"es","potentialAction":[{"@type":"ReadAction","target":["https:\/\/conferences.dataxis.com\/es\/nxt-media-latin-america\/"]}]},{"@type":"ImageObject","inLanguage":"es","@id":"https:\/\/conferences.dataxis.com\/es\/nxt-media-latin-america\/#primaryimage","url":"https:\/\/conferences.dataxis.com\/wp-content\/uploads\/2025\/12\/NXT-Media-LATAM-2.png","contentUrl":"https:\/\/conferences.dataxis.com\/wp-content\/uploads\/2025\/12\/NXT-Media-LATAM-2.png","width":2000,"height":1500},{"@type":"BreadcrumbList","@id":"https:\/\/conferences.dataxis.com\/es\/nxt-media-latin-america\/#breadcrumb","itemListElement":[{"@type":"ListItem","position":1,"name":"Home","item":"https:\/\/conferences.dataxis.com\/es\/"},{"@type":"ListItem","position":2,"name":"NXT Media Days Latin America"}]},{"@type":"WebSite","@id":"https:\/\/conferences.dataxis.com\/es\/#website","url":"https:\/\/conferences.dataxis.com\/es\/","name":"conferences dataxis","description":"","potentialAction":[{"@type":"SearchAction","target":{"@type":"EntryPoint","urlTemplate":"https:\/\/conferences.dataxis.com\/es\/?s={search_term_string}"},"query-input":{"@type":"PropertyValueSpecification","valueRequired":true,"valueName":"search_term_string"}}],"inLanguage":"es"}]}},"_links":{"self":[{"href":"https:\/\/conferences.dataxis.com\/es\/wp-json\/wp\/v2\/pages\/5547","targetHints":{"allow":["GET"]}}],"collection":[{"href":"https:\/\/conferences.dataxis.com\/es\/wp-json\/wp\/v2\/pages"}],"about":[{"href":"https:\/\/conferences.dataxis.com\/es\/wp-json\/wp\/v2\/types\/page"}],"author":[{"embeddable":true,"href":"https:\/\/conferences.dataxis.com\/es\/wp-json\/wp\/v2\/users\/2"}],"replies":[{"embeddable":true,"href":"https:\/\/conferences.dataxis.com\/es\/wp-json\/wp\/v2\/comments?post=5547"}],"version-history":[{"count":70,"href":"https:\/\/conferences.dataxis.com\/es\/wp-json\/wp\/v2\/pages\/5547\/revisions"}],"predecessor-version":[{"id":35337,"href":"https:\/\/conferences.dataxis.com\/es\/wp-json\/wp\/v2\/pages\/5547\/revisions\/35337"}],"wp:featuredmedia":[{"embeddable":true,"href":"https:\/\/conferences.dataxis.com\/es\/wp-json\/wp\/v2\/media\/33408"}],"wp:attachment":[{"href":"https:\/\/conferences.dataxis.com\/es\/wp-json\/wp\/v2\/media?parent=5547"}],"curies":[{"name":"wp","href":"https:\/\/api.w.org\/{rel}","templated":true}]}}