{"id":7042,"date":"2025-01-30T22:33:13","date_gmt":"2025-01-30T22:33:13","guid":{"rendered":"https:\/\/conferences.dataxis.com\/nxt-media-days-south-america\/contactenos\/"},"modified":"2025-03-05T11:06:41","modified_gmt":"2025-03-05T11:06:41","slug":"contactenos","status":"publish","type":"page","link":"https:\/\/conferences.dataxis.com\/es\/nxt-media-days-south-america\/contactenos\/","title":{"rendered":"Cont\u00e1ctenos"},"content":{"rendered":"\n<h3 class=\"wp-block-heading\"><strong>Contact Us \u2013 NXT Media Days South America<\/strong><\/h3>\n\n<p>Do you have questions about <strong>NXT Media Days South America<\/strong>? We\u2019re here to help! Whether you need details about sponsorship, media partnerships, the agenda, speaking opportunities, or general event information, our team is ready to assist.<\/p>\n\n<h4 class=\"wp-block-heading\"><strong>How We Can Assist You<\/strong><\/h4>\n\n<p>We want to make your experience at NXT Media Days South America seamless. <strong>That\u2019s why<\/strong> we provide support for:<\/p>\n\n<ul class=\"wp-block-list\">\n<li><strong>General Event Information<\/strong> \u2013 Find details on dates, locations, registration, and logistics.<\/li>\n\n\n\n<li><strong>Agenda &amp; Sessions<\/strong> \u2013 Get insights into key topics, panel discussions, and featured speakers.<\/li>\n\n\n\n<li><strong>Sponsorship &amp; Branding Opportunities<\/strong> \u2013 Explore ways to showcase your brand and connect with industry leaders.<\/li>\n\n\n\n<li><strong>Speaking Opportunities<\/strong> \u2013 Learn how to apply as a speaker or panelist at the event.<\/li>\n\n\n\n<li><strong>Media &amp; Press Partnerships<\/strong> \u2013 Request press passes or collaborate with us on media coverage.<\/li>\n\n\n\n<li><strong>Networking &amp; Exhibitor Information<\/strong> \u2013 Discover ways to engage with decision-makers and showcase your offerings.<\/li>\n<\/ul>\n\n<h4 class=\"wp-block-heading\"><strong>Get in Touch<\/strong><\/h4>\n\n<p>We encourage you to reach out with any questions. <strong>Additionally<\/strong>, our team is happy to guide you through your participation options. <strong>Whether you are<\/strong> attending, exhibiting, sponsoring, or covering the event, we\u2019ll provide the support you need.<\/p>\n\n<p><br\/><br\/>\ud83c\udf0d <strong>Visit our website:<\/strong> <a href=\"https:\/\/conferences.dataxis.com\/nxt-media-days-south-america\/agenda\/\">Agenda NXT Media Days South America<\/a><br\/>\ud83d\udcf1 <strong>Follow us on social media:<\/strong> <a href=\"https:\/\/www.linkedin.com\/showcase\/nxt-media-days-sa\/?viewAsMember=true\">https:\/\/www.linkedin.com\/showcase\/nxt-media-days-sa\/?viewAsMember=true<\/a><\/p>\n\n<p>Don\u2019t miss this opportunity to connect with industry leaders and shape the future of media and advertising. <strong>Contact us today!<\/strong><\/p>\n","protected":false},"excerpt":{"rendered":"<p>Contact Us \u2013 NXT Media Days South America Do you have questions about NXT Media Days South America? We\u2019re here to help! Whether you need details about sponsorship, media partnerships, the agenda, speaking opportunities, or general event information, our team is ready to assist. How We Can Assist You We want to make your experience [&hellip;]<\/p>\n","protected":false},"author":2,"featured_media":0,"parent":2495,"menu_order":0,"comment_status":"closed","ping_status":"closed","template":"page-templates\/template-Contact-us.php","meta":{"_acf_changed":false,"footnotes":""},"class_list":["post-7042","page","type-page","status-publish","hentry"],"acf":[],"yoast_head":"<!-- This site is optimized with the Yoast SEO plugin v26.6 - https:\/\/yoast.com\/wordpress\/plugins\/seo\/ -->\n<title>Cont\u00e1ctenos - conferences dataxis<\/title>\n<meta name=\"description\" content=\"P\u00f3ngase en contacto con nosotros para obtener m\u00e1s informaci\u00f3n sobre NXT Media Days South America, incluidos el patrocinio, las asociaciones con los medios de comunicaci\u00f3n, el programa, las oportunidades de dar conferencias...\" \/>\n<meta name=\"robots\" content=\"index, follow, max-snippet:-1, max-image-preview:large, max-video-preview:-1\" \/>\n<link rel=\"canonical\" href=\"https:\/\/conferences.dataxis.com\/es\/nxt-media-days-south-america\/contactenos\/\" \/>\n<meta property=\"og:locale\" content=\"es_ES\" \/>\n<meta property=\"og:type\" content=\"article\" \/>\n<meta property=\"og:title\" content=\"Cont\u00e1ctenos - conferences dataxis\" \/>\n<meta property=\"og:description\" content=\"P\u00f3ngase en contacto con nosotros para obtener m\u00e1s informaci\u00f3n sobre NXT Media Days South America, incluidos el patrocinio, las asociaciones con los medios de comunicaci\u00f3n, el programa, las oportunidades de dar conferencias...\" \/>\n<meta property=\"og:url\" content=\"https:\/\/conferences.dataxis.com\/es\/nxt-media-days-south-america\/contactenos\/\" \/>\n<meta property=\"og:site_name\" content=\"conferences dataxis\" \/>\n<meta property=\"article:modified_time\" content=\"2025-03-05T11:06:41+00:00\" \/>\n<meta name=\"twitter:card\" content=\"summary_large_image\" \/>\n<meta name=\"twitter:label1\" content=\"Tiempo de lectura\" \/>\n\t<meta name=\"twitter:data1\" content=\"1 minuto\" \/>\n<script type=\"application\/ld+json\" class=\"yoast-schema-graph\">{\"@context\":\"https:\/\/schema.org\",\"@graph\":[{\"@type\":\"WebPage\",\"@id\":\"https:\/\/conferences.dataxis.com\/es\/nxt-media-days-south-america\/contactenos\/\",\"url\":\"https:\/\/conferences.dataxis.com\/es\/nxt-media-days-south-america\/contactenos\/\",\"name\":\"Cont\u00e1ctenos - conferences dataxis\",\"isPartOf\":{\"@id\":\"https:\/\/conferences.dataxis.com\/es\/#website\"},\"datePublished\":\"2025-01-30T22:33:13+00:00\",\"dateModified\":\"2025-03-05T11:06:41+00:00\",\"description\":\"P\u00f3ngase en contacto con nosotros para obtener m\u00e1s informaci\u00f3n sobre NXT Media Days South America, incluidos el patrocinio, las asociaciones con los medios de comunicaci\u00f3n, el programa, las oportunidades de dar conferencias...\",\"breadcrumb\":{\"@id\":\"https:\/\/conferences.dataxis.com\/es\/nxt-media-days-south-america\/contactenos\/#breadcrumb\"},\"inLanguage\":\"es\",\"potentialAction\":[{\"@type\":\"ReadAction\",\"target\":[\"https:\/\/conferences.dataxis.com\/es\/nxt-media-days-south-america\/contactenos\/\"]}]},{\"@type\":\"BreadcrumbList\",\"@id\":\"https:\/\/conferences.dataxis.com\/es\/nxt-media-days-south-america\/contactenos\/#breadcrumb\",\"itemListElement\":[{\"@type\":\"ListItem\",\"position\":1,\"name\":\"Home\",\"item\":\"https:\/\/conferences.dataxis.com\/es\/\"},{\"@type\":\"ListItem\",\"position\":2,\"name\":\"NXT Media Days South America\",\"item\":\"https:\/\/conferences.dataxis.com\/es\/nxt-media-days-south-america\/\"},{\"@type\":\"ListItem\",\"position\":3,\"name\":\"Cont\u00e1ctenos\"}]},{\"@type\":\"WebSite\",\"@id\":\"https:\/\/conferences.dataxis.com\/es\/#website\",\"url\":\"https:\/\/conferences.dataxis.com\/es\/\",\"name\":\"conferences dataxis\",\"description\":\"\",\"potentialAction\":[{\"@type\":\"SearchAction\",\"target\":{\"@type\":\"EntryPoint\",\"urlTemplate\":\"https:\/\/conferences.dataxis.com\/es\/?s={search_term_string}\"},\"query-input\":{\"@type\":\"PropertyValueSpecification\",\"valueRequired\":true,\"valueName\":\"search_term_string\"}}],\"inLanguage\":\"es\"}]}<\/script>\n<!-- \/ Yoast SEO plugin. -->","yoast_head_json":{"title":"Cont\u00e1ctenos - conferences dataxis","description":"P\u00f3ngase en contacto con nosotros para obtener m\u00e1s informaci\u00f3n sobre NXT Media Days South America, incluidos el patrocinio, las asociaciones con los medios de comunicaci\u00f3n, el programa, las oportunidades de dar conferencias...","robots":{"index":"index","follow":"follow","max-snippet":"max-snippet:-1","max-image-preview":"max-image-preview:large","max-video-preview":"max-video-preview:-1"},"canonical":"https:\/\/conferences.dataxis.com\/es\/nxt-media-days-south-america\/contactenos\/","og_locale":"es_ES","og_type":"article","og_title":"Cont\u00e1ctenos - conferences dataxis","og_description":"P\u00f3ngase en contacto con nosotros para obtener m\u00e1s informaci\u00f3n sobre NXT Media Days South America, incluidos el patrocinio, las asociaciones con los medios de comunicaci\u00f3n, el programa, las oportunidades de dar conferencias...","og_url":"https:\/\/conferences.dataxis.com\/es\/nxt-media-days-south-america\/contactenos\/","og_site_name":"conferences dataxis","article_modified_time":"2025-03-05T11:06:41+00:00","twitter_card":"summary_large_image","twitter_misc":{"Tiempo de lectura":"1 minuto"},"schema":{"@context":"https:\/\/schema.org","@graph":[{"@type":"WebPage","@id":"https:\/\/conferences.dataxis.com\/es\/nxt-media-days-south-america\/contactenos\/","url":"https:\/\/conferences.dataxis.com\/es\/nxt-media-days-south-america\/contactenos\/","name":"Cont\u00e1ctenos - conferences dataxis","isPartOf":{"@id":"https:\/\/conferences.dataxis.com\/es\/#website"},"datePublished":"2025-01-30T22:33:13+00:00","dateModified":"2025-03-05T11:06:41+00:00","description":"P\u00f3ngase en contacto con nosotros para obtener m\u00e1s informaci\u00f3n sobre NXT Media Days South America, incluidos el patrocinio, las asociaciones con los medios de comunicaci\u00f3n, el programa, las oportunidades de dar conferencias...","breadcrumb":{"@id":"https:\/\/conferences.dataxis.com\/es\/nxt-media-days-south-america\/contactenos\/#breadcrumb"},"inLanguage":"es","potentialAction":[{"@type":"ReadAction","target":["https:\/\/conferences.dataxis.com\/es\/nxt-media-days-south-america\/contactenos\/"]}]},{"@type":"BreadcrumbList","@id":"https:\/\/conferences.dataxis.com\/es\/nxt-media-days-south-america\/contactenos\/#breadcrumb","itemListElement":[{"@type":"ListItem","position":1,"name":"Home","item":"https:\/\/conferences.dataxis.com\/es\/"},{"@type":"ListItem","position":2,"name":"NXT Media Days South America","item":"https:\/\/conferences.dataxis.com\/es\/nxt-media-days-south-america\/"},{"@type":"ListItem","position":3,"name":"Cont\u00e1ctenos"}]},{"@type":"WebSite","@id":"https:\/\/conferences.dataxis.com\/es\/#website","url":"https:\/\/conferences.dataxis.com\/es\/","name":"conferences dataxis","description":"","potentialAction":[{"@type":"SearchAction","target":{"@type":"EntryPoint","urlTemplate":"https:\/\/conferences.dataxis.com\/es\/?s={search_term_string}"},"query-input":{"@type":"PropertyValueSpecification","valueRequired":true,"valueName":"search_term_string"}}],"inLanguage":"es"}]}},"_links":{"self":[{"href":"https:\/\/conferences.dataxis.com\/es\/wp-json\/wp\/v2\/pages\/7042","targetHints":{"allow":["GET"]}}],"collection":[{"href":"https:\/\/conferences.dataxis.com\/es\/wp-json\/wp\/v2\/pages"}],"about":[{"href":"https:\/\/conferences.dataxis.com\/es\/wp-json\/wp\/v2\/types\/page"}],"author":[{"embeddable":true,"href":"https:\/\/conferences.dataxis.com\/es\/wp-json\/wp\/v2\/users\/2"}],"replies":[{"embeddable":true,"href":"https:\/\/conferences.dataxis.com\/es\/wp-json\/wp\/v2\/comments?post=7042"}],"version-history":[{"count":1,"href":"https:\/\/conferences.dataxis.com\/es\/wp-json\/wp\/v2\/pages\/7042\/revisions"}],"predecessor-version":[{"id":7043,"href":"https:\/\/conferences.dataxis.com\/es\/wp-json\/wp\/v2\/pages\/7042\/revisions\/7043"}],"up":[{"embeddable":true,"href":"https:\/\/conferences.dataxis.com\/es\/wp-json\/wp\/v2\/pages\/2495"}],"wp:attachment":[{"href":"https:\/\/conferences.dataxis.com\/es\/wp-json\/wp\/v2\/media?parent=7042"}],"curies":[{"name":"wp","href":"https:\/\/api.w.org\/{rel}","templated":true}]}}