{"id":7044,"date":"2025-01-30T22:36:32","date_gmt":"2025-01-30T22:36:32","guid":{"rendered":"https:\/\/conferences.dataxis.com\/nxt-media-days-south-america\/por-que-asistir\/"},"modified":"2025-03-05T11:07:17","modified_gmt":"2025-03-05T11:07:17","slug":"por-que-asistir","status":"publish","type":"page","link":"https:\/\/conferences.dataxis.com\/es\/nxt-media-days-south-america\/por-que-asistir\/","title":{"rendered":"\u00bfPor qu\u00e9 asistir?"},"content":{"rendered":"\n<h3 class=\"wp-block-heading\"><\/h3>\n","protected":false},"excerpt":{"rendered":"","protected":false},"author":2,"featured_media":0,"parent":2495,"menu_order":0,"comment_status":"closed","ping_status":"closed","template":"page-templates\/template-why-attend.php","meta":{"_acf_changed":false,"footnotes":""},"class_list":["post-7044","page","type-page","status-publish","hentry"],"acf":[],"yoast_head":"<!-- This site is optimized with the Yoast SEO plugin v26.6 - https:\/\/yoast.com\/wordpress\/plugins\/seo\/ -->\n<title>\u00bfPor qu\u00e9 asistir? - conferences dataxis<\/title>\n<meta name=\"description\" content=\"Descubra por qu\u00e9 asistir a NXT Media Days South America. Obtenga informaci\u00f3n, establezca contactos con l\u00edderes del sector y mant\u00e9ngase a la vanguardia de las...\" \/>\n<meta name=\"robots\" content=\"index, follow, max-snippet:-1, max-image-preview:large, max-video-preview:-1\" \/>\n<link rel=\"canonical\" href=\"https:\/\/conferences.dataxis.com\/es\/nxt-media-days-south-america\/por-que-asistir\/\" \/>\n<meta property=\"og:locale\" content=\"es_ES\" \/>\n<meta property=\"og:type\" content=\"article\" \/>\n<meta property=\"og:title\" content=\"\u00bfPor qu\u00e9 asistir? - conferences dataxis\" \/>\n<meta property=\"og:description\" content=\"Descubra por qu\u00e9 asistir a NXT Media Days South America. Obtenga informaci\u00f3n, establezca contactos con l\u00edderes del sector y mant\u00e9ngase a la vanguardia de las...\" \/>\n<meta property=\"og:url\" content=\"https:\/\/conferences.dataxis.com\/es\/nxt-media-days-south-america\/por-que-asistir\/\" \/>\n<meta property=\"og:site_name\" content=\"conferences dataxis\" \/>\n<meta property=\"article:modified_time\" content=\"2025-03-05T11:07:17+00:00\" \/>\n<meta name=\"twitter:card\" content=\"summary_large_image\" \/>\n<script type=\"application\/ld+json\" class=\"yoast-schema-graph\">{\"@context\":\"https:\/\/schema.org\",\"@graph\":[{\"@type\":\"WebPage\",\"@id\":\"https:\/\/conferences.dataxis.com\/es\/nxt-media-days-south-america\/por-que-asistir\/\",\"url\":\"https:\/\/conferences.dataxis.com\/es\/nxt-media-days-south-america\/por-que-asistir\/\",\"name\":\"\u00bfPor qu\u00e9 asistir? - conferences dataxis\",\"isPartOf\":{\"@id\":\"https:\/\/conferences.dataxis.com\/es\/#website\"},\"datePublished\":\"2025-01-30T22:36:32+00:00\",\"dateModified\":\"2025-03-05T11:07:17+00:00\",\"description\":\"Descubra por qu\u00e9 asistir a NXT Media Days South America. Obtenga informaci\u00f3n, establezca contactos con l\u00edderes del sector y mant\u00e9ngase a la vanguardia de las...\",\"breadcrumb\":{\"@id\":\"https:\/\/conferences.dataxis.com\/es\/nxt-media-days-south-america\/por-que-asistir\/#breadcrumb\"},\"inLanguage\":\"es\",\"potentialAction\":[{\"@type\":\"ReadAction\",\"target\":[\"https:\/\/conferences.dataxis.com\/es\/nxt-media-days-south-america\/por-que-asistir\/\"]}]},{\"@type\":\"BreadcrumbList\",\"@id\":\"https:\/\/conferences.dataxis.com\/es\/nxt-media-days-south-america\/por-que-asistir\/#breadcrumb\",\"itemListElement\":[{\"@type\":\"ListItem\",\"position\":1,\"name\":\"Home\",\"item\":\"https:\/\/conferences.dataxis.com\/es\/\"},{\"@type\":\"ListItem\",\"position\":2,\"name\":\"NXT Media Days South America\",\"item\":\"https:\/\/conferences.dataxis.com\/es\/nxt-media-days-south-america\/\"},{\"@type\":\"ListItem\",\"position\":3,\"name\":\"\u00bfPor qu\u00e9 asistir?\"}]},{\"@type\":\"WebSite\",\"@id\":\"https:\/\/conferences.dataxis.com\/es\/#website\",\"url\":\"https:\/\/conferences.dataxis.com\/es\/\",\"name\":\"conferences dataxis\",\"description\":\"\",\"potentialAction\":[{\"@type\":\"SearchAction\",\"target\":{\"@type\":\"EntryPoint\",\"urlTemplate\":\"https:\/\/conferences.dataxis.com\/es\/?s={search_term_string}\"},\"query-input\":{\"@type\":\"PropertyValueSpecification\",\"valueRequired\":true,\"valueName\":\"search_term_string\"}}],\"inLanguage\":\"es\"}]}<\/script>\n<!-- \/ Yoast SEO plugin. -->","yoast_head_json":{"title":"\u00bfPor qu\u00e9 asistir? - conferences dataxis","description":"Descubra por qu\u00e9 asistir a NXT Media Days South America. Obtenga informaci\u00f3n, establezca contactos con l\u00edderes del sector y mant\u00e9ngase a la vanguardia de las...","robots":{"index":"index","follow":"follow","max-snippet":"max-snippet:-1","max-image-preview":"max-image-preview:large","max-video-preview":"max-video-preview:-1"},"canonical":"https:\/\/conferences.dataxis.com\/es\/nxt-media-days-south-america\/por-que-asistir\/","og_locale":"es_ES","og_type":"article","og_title":"\u00bfPor qu\u00e9 asistir? - conferences dataxis","og_description":"Descubra por qu\u00e9 asistir a NXT Media Days South America. Obtenga informaci\u00f3n, establezca contactos con l\u00edderes del sector y mant\u00e9ngase a la vanguardia de las...","og_url":"https:\/\/conferences.dataxis.com\/es\/nxt-media-days-south-america\/por-que-asistir\/","og_site_name":"conferences dataxis","article_modified_time":"2025-03-05T11:07:17+00:00","twitter_card":"summary_large_image","schema":{"@context":"https:\/\/schema.org","@graph":[{"@type":"WebPage","@id":"https:\/\/conferences.dataxis.com\/es\/nxt-media-days-south-america\/por-que-asistir\/","url":"https:\/\/conferences.dataxis.com\/es\/nxt-media-days-south-america\/por-que-asistir\/","name":"\u00bfPor qu\u00e9 asistir? - conferences dataxis","isPartOf":{"@id":"https:\/\/conferences.dataxis.com\/es\/#website"},"datePublished":"2025-01-30T22:36:32+00:00","dateModified":"2025-03-05T11:07:17+00:00","description":"Descubra por qu\u00e9 asistir a NXT Media Days South America. Obtenga informaci\u00f3n, establezca contactos con l\u00edderes del sector y mant\u00e9ngase a la vanguardia de las...","breadcrumb":{"@id":"https:\/\/conferences.dataxis.com\/es\/nxt-media-days-south-america\/por-que-asistir\/#breadcrumb"},"inLanguage":"es","potentialAction":[{"@type":"ReadAction","target":["https:\/\/conferences.dataxis.com\/es\/nxt-media-days-south-america\/por-que-asistir\/"]}]},{"@type":"BreadcrumbList","@id":"https:\/\/conferences.dataxis.com\/es\/nxt-media-days-south-america\/por-que-asistir\/#breadcrumb","itemListElement":[{"@type":"ListItem","position":1,"name":"Home","item":"https:\/\/conferences.dataxis.com\/es\/"},{"@type":"ListItem","position":2,"name":"NXT Media Days South America","item":"https:\/\/conferences.dataxis.com\/es\/nxt-media-days-south-america\/"},{"@type":"ListItem","position":3,"name":"\u00bfPor qu\u00e9 asistir?"}]},{"@type":"WebSite","@id":"https:\/\/conferences.dataxis.com\/es\/#website","url":"https:\/\/conferences.dataxis.com\/es\/","name":"conferences dataxis","description":"","potentialAction":[{"@type":"SearchAction","target":{"@type":"EntryPoint","urlTemplate":"https:\/\/conferences.dataxis.com\/es\/?s={search_term_string}"},"query-input":{"@type":"PropertyValueSpecification","valueRequired":true,"valueName":"search_term_string"}}],"inLanguage":"es"}]}},"_links":{"self":[{"href":"https:\/\/conferences.dataxis.com\/es\/wp-json\/wp\/v2\/pages\/7044","targetHints":{"allow":["GET"]}}],"collection":[{"href":"https:\/\/conferences.dataxis.com\/es\/wp-json\/wp\/v2\/pages"}],"about":[{"href":"https:\/\/conferences.dataxis.com\/es\/wp-json\/wp\/v2\/types\/page"}],"author":[{"embeddable":true,"href":"https:\/\/conferences.dataxis.com\/es\/wp-json\/wp\/v2\/users\/2"}],"replies":[{"embeddable":true,"href":"https:\/\/conferences.dataxis.com\/es\/wp-json\/wp\/v2\/comments?post=7044"}],"version-history":[{"count":1,"href":"https:\/\/conferences.dataxis.com\/es\/wp-json\/wp\/v2\/pages\/7044\/revisions"}],"predecessor-version":[{"id":7045,"href":"https:\/\/conferences.dataxis.com\/es\/wp-json\/wp\/v2\/pages\/7044\/revisions\/7045"}],"up":[{"embeddable":true,"href":"https:\/\/conferences.dataxis.com\/es\/wp-json\/wp\/v2\/pages\/2495"}],"wp:attachment":[{"href":"https:\/\/conferences.dataxis.com\/es\/wp-json\/wp\/v2\/media?parent=7044"}],"curies":[{"name":"wp","href":"https:\/\/api.w.org\/{rel}","templated":true}]}}