{"id":17569,"date":"2025-02-06T13:48:31","date_gmt":"2025-02-06T13:48:31","guid":{"rendered":"https:\/\/conferences.dataxis.com\/nxt-media-days-brasil\/por-que-participar\/"},"modified":"2025-06-13T15:56:56","modified_gmt":"2025-06-13T15:56:56","slug":"por-que-participar","status":"publish","type":"page","link":"https:\/\/conferences.dataxis.com\/pt-br\/nxt-media-days-brasil\/por-que-participar\/","title":{"rendered":"Por que participar"},"content":{"rendered":"\n<h3 class=\"wp-block-heading\"><\/h3>\n","protected":false},"excerpt":{"rendered":"","protected":false},"author":2,"featured_media":0,"parent":17539,"menu_order":0,"comment_status":"closed","ping_status":"closed","template":"page-templates\/template-why-attend.php","meta":{"_acf_changed":false,"footnotes":""},"class_list":["post-17569","page","type-page","status-publish","hentry"],"acf":[],"yoast_head":"<!-- This site is optimized with the Yoast SEO plugin v26.6 - https:\/\/yoast.com\/wordpress\/plugins\/seo\/ -->\n<title>Por que participar - conferences dataxis<\/title>\n<meta name=\"description\" content=\"Descubra por que participar do NXT Media Days Brasil. Obtenha insights, interaja com l\u00edderes do setor e fique \u00e0 frente das \u00faltimas tend\u00eancias em...\" \/>\n<meta name=\"robots\" content=\"index, follow, max-snippet:-1, max-image-preview:large, max-video-preview:-1\" \/>\n<link rel=\"canonical\" href=\"https:\/\/conferences.dataxis.com\/pt-br\/nxt-media-days-brasil\/por-que-participar\/\" \/>\n<meta property=\"og:locale\" content=\"pt_BR\" \/>\n<meta property=\"og:type\" content=\"article\" \/>\n<meta property=\"og:title\" content=\"Por que participar - conferences dataxis\" \/>\n<meta property=\"og:description\" content=\"Descubra por que participar do NXT Media Days Brasil. Obtenha insights, interaja com l\u00edderes do setor e fique \u00e0 frente das \u00faltimas tend\u00eancias em...\" \/>\n<meta property=\"og:url\" content=\"https:\/\/conferences.dataxis.com\/pt-br\/nxt-media-days-brasil\/por-que-participar\/\" \/>\n<meta property=\"og:site_name\" content=\"conferences dataxis\" \/>\n<meta property=\"article:modified_time\" content=\"2025-06-13T15:56:56+00:00\" \/>\n<meta name=\"twitter:card\" content=\"summary_large_image\" \/>\n<script type=\"application\/ld+json\" class=\"yoast-schema-graph\">{\"@context\":\"https:\/\/schema.org\",\"@graph\":[{\"@type\":\"WebPage\",\"@id\":\"https:\/\/conferences.dataxis.com\/pt-br\/nxt-media-days-brasil\/por-que-participar\/\",\"url\":\"https:\/\/conferences.dataxis.com\/pt-br\/nxt-media-days-brasil\/por-que-participar\/\",\"name\":\"Por que participar - conferences dataxis\",\"isPartOf\":{\"@id\":\"https:\/\/conferences.dataxis.com\/pt-br\/#website\"},\"datePublished\":\"2025-02-06T13:48:31+00:00\",\"dateModified\":\"2025-06-13T15:56:56+00:00\",\"description\":\"Descubra por que participar do NXT Media Days Brasil. Obtenha insights, interaja com l\u00edderes do setor e fique \u00e0 frente das \u00faltimas tend\u00eancias em...\",\"breadcrumb\":{\"@id\":\"https:\/\/conferences.dataxis.com\/pt-br\/nxt-media-days-brasil\/por-que-participar\/#breadcrumb\"},\"inLanguage\":\"pt-BR\",\"potentialAction\":[{\"@type\":\"ReadAction\",\"target\":[\"https:\/\/conferences.dataxis.com\/pt-br\/nxt-media-days-brasil\/por-que-participar\/\"]}]},{\"@type\":\"BreadcrumbList\",\"@id\":\"https:\/\/conferences.dataxis.com\/pt-br\/nxt-media-days-brasil\/por-que-participar\/#breadcrumb\",\"itemListElement\":[{\"@type\":\"ListItem\",\"position\":1,\"name\":\"Home\",\"item\":\"https:\/\/conferences.dataxis.com\/pt-br\/\"},{\"@type\":\"ListItem\",\"position\":2,\"name\":\"NXT Media Days Brasil\",\"item\":\"https:\/\/conferences.dataxis.com\/pt-br\/nxt-media-days-brasil\/\"},{\"@type\":\"ListItem\",\"position\":3,\"name\":\"Por que participar\"}]},{\"@type\":\"WebSite\",\"@id\":\"https:\/\/conferences.dataxis.com\/pt-br\/#website\",\"url\":\"https:\/\/conferences.dataxis.com\/pt-br\/\",\"name\":\"conferences dataxis\",\"description\":\"\",\"potentialAction\":[{\"@type\":\"SearchAction\",\"target\":{\"@type\":\"EntryPoint\",\"urlTemplate\":\"https:\/\/conferences.dataxis.com\/pt-br\/?s={search_term_string}\"},\"query-input\":{\"@type\":\"PropertyValueSpecification\",\"valueRequired\":true,\"valueName\":\"search_term_string\"}}],\"inLanguage\":\"pt-BR\"}]}<\/script>\n<!-- \/ Yoast SEO plugin. -->","yoast_head_json":{"title":"Por que participar - conferences dataxis","description":"Descubra por que participar do NXT Media Days Brasil. Obtenha insights, interaja com l\u00edderes do setor e fique \u00e0 frente das \u00faltimas tend\u00eancias em...","robots":{"index":"index","follow":"follow","max-snippet":"max-snippet:-1","max-image-preview":"max-image-preview:large","max-video-preview":"max-video-preview:-1"},"canonical":"https:\/\/conferences.dataxis.com\/pt-br\/nxt-media-days-brasil\/por-que-participar\/","og_locale":"pt_BR","og_type":"article","og_title":"Por que participar - conferences dataxis","og_description":"Descubra por que participar do NXT Media Days Brasil. Obtenha insights, interaja com l\u00edderes do setor e fique \u00e0 frente das \u00faltimas tend\u00eancias em...","og_url":"https:\/\/conferences.dataxis.com\/pt-br\/nxt-media-days-brasil\/por-que-participar\/","og_site_name":"conferences dataxis","article_modified_time":"2025-06-13T15:56:56+00:00","twitter_card":"summary_large_image","schema":{"@context":"https:\/\/schema.org","@graph":[{"@type":"WebPage","@id":"https:\/\/conferences.dataxis.com\/pt-br\/nxt-media-days-brasil\/por-que-participar\/","url":"https:\/\/conferences.dataxis.com\/pt-br\/nxt-media-days-brasil\/por-que-participar\/","name":"Por que participar - conferences dataxis","isPartOf":{"@id":"https:\/\/conferences.dataxis.com\/pt-br\/#website"},"datePublished":"2025-02-06T13:48:31+00:00","dateModified":"2025-06-13T15:56:56+00:00","description":"Descubra por que participar do NXT Media Days Brasil. Obtenha insights, interaja com l\u00edderes do setor e fique \u00e0 frente das \u00faltimas tend\u00eancias em...","breadcrumb":{"@id":"https:\/\/conferences.dataxis.com\/pt-br\/nxt-media-days-brasil\/por-que-participar\/#breadcrumb"},"inLanguage":"pt-BR","potentialAction":[{"@type":"ReadAction","target":["https:\/\/conferences.dataxis.com\/pt-br\/nxt-media-days-brasil\/por-que-participar\/"]}]},{"@type":"BreadcrumbList","@id":"https:\/\/conferences.dataxis.com\/pt-br\/nxt-media-days-brasil\/por-que-participar\/#breadcrumb","itemListElement":[{"@type":"ListItem","position":1,"name":"Home","item":"https:\/\/conferences.dataxis.com\/pt-br\/"},{"@type":"ListItem","position":2,"name":"NXT Media Days Brasil","item":"https:\/\/conferences.dataxis.com\/pt-br\/nxt-media-days-brasil\/"},{"@type":"ListItem","position":3,"name":"Por que participar"}]},{"@type":"WebSite","@id":"https:\/\/conferences.dataxis.com\/pt-br\/#website","url":"https:\/\/conferences.dataxis.com\/pt-br\/","name":"conferences dataxis","description":"","potentialAction":[{"@type":"SearchAction","target":{"@type":"EntryPoint","urlTemplate":"https:\/\/conferences.dataxis.com\/pt-br\/?s={search_term_string}"},"query-input":{"@type":"PropertyValueSpecification","valueRequired":true,"valueName":"search_term_string"}}],"inLanguage":"pt-BR"}]}},"_links":{"self":[{"href":"https:\/\/conferences.dataxis.com\/pt-br\/wp-json\/wp\/v2\/pages\/17569","targetHints":{"allow":["GET"]}}],"collection":[{"href":"https:\/\/conferences.dataxis.com\/pt-br\/wp-json\/wp\/v2\/pages"}],"about":[{"href":"https:\/\/conferences.dataxis.com\/pt-br\/wp-json\/wp\/v2\/types\/page"}],"author":[{"embeddable":true,"href":"https:\/\/conferences.dataxis.com\/pt-br\/wp-json\/wp\/v2\/users\/2"}],"replies":[{"embeddable":true,"href":"https:\/\/conferences.dataxis.com\/pt-br\/wp-json\/wp\/v2\/comments?post=17569"}],"version-history":[{"count":4,"href":"https:\/\/conferences.dataxis.com\/pt-br\/wp-json\/wp\/v2\/pages\/17569\/revisions"}],"predecessor-version":[{"id":18402,"href":"https:\/\/conferences.dataxis.com\/pt-br\/wp-json\/wp\/v2\/pages\/17569\/revisions\/18402"}],"up":[{"embeddable":true,"href":"https:\/\/conferences.dataxis.com\/pt-br\/wp-json\/wp\/v2\/pages\/17539"}],"wp:attachment":[{"href":"https:\/\/conferences.dataxis.com\/pt-br\/wp-json\/wp\/v2\/media?parent=17569"}],"curies":[{"name":"wp","href":"https:\/\/api.w.org\/{rel}","templated":true}]}}