{"id":18276,"date":"2025-02-21T08:50:10","date_gmt":"2025-02-21T08:50:10","guid":{"rendered":"https:\/\/conferences.dataxis.com\/?page_id=18276"},"modified":"2025-10-22T14:07:16","modified_gmt":"2025-10-22T14:07:16","slug":"commerce-media-days-brasil","status":"publish","type":"page","link":"https:\/\/conferences.dataxis.com\/pt-br\/commerce-media-days-brasil\/","title":{"rendered":"Commerce Media Days Brasil"},"content":{"rendered":"\n<p><strong>Commerce Media Days Brasil \u2013 3 de Dezembro, S\u00e3o Paulo<\/strong><\/p>\n\n\n\n<p>No dia 3 de dezembro, em S\u00e3o Paulo, o <em>Commerce Media Days Brasil<\/em> vai explorar o universo em constante transforma\u00e7\u00e3o da publicidade no com\u00e9rcio digital. Este evento de um dia ir\u00e1 destacar como o <strong>Digital Out-of-Home (DOOH)<\/strong> e o <strong>retail media<\/strong> est\u00e3o revolucionando a forma como marcas se conectam com os consumidores em m\u00faltiplos canais.<\/p>\n\n\n\n<h3 class=\"wp-block-heading\">O cruzamento entre criatividade e interatividade no DOOH<\/h3>\n\n\n\n<p>A programa\u00e7\u00e3o come\u00e7a com um mergulho profundo no papel crescente do DOOH no Brasil. Especialistas do setor discutir\u00e3o como a criatividade e a interatividade est\u00e3o moldando experi\u00eancias mais envolventes para os consumidores. Os participantes ter\u00e3o acesso a insights sobre o ecossistema program\u00e1tico do DOOH, incluindo lances em tempo real (<em>real-time bidding<\/em>), al\u00e9m de explorarem os desafios e oportunidades desse setor em r\u00e1pida expans\u00e3o.<\/p>\n\n\n\n<h3 class=\"wp-block-heading\">Retail Media: uma for\u00e7a em ascens\u00e3o no Brasil<\/h3>\n\n\n\n<p>Na sequ\u00eancia, o foco ser\u00e1 o crescimento do <strong>retail media<\/strong> no Brasil e na Am\u00e9rica Latina. L\u00edderes da ind\u00fastria v\u00e3o mostrar como as marcas est\u00e3o utilizando essas novas solu\u00e7\u00f5es para aumentar o engajamento e impulsionar as vendas. Com anunciantes n\u00e3o end\u00eamicos investindo cada vez mais em DOOH, marcas de diferentes setores est\u00e3o encontrando novas formas de atingir audi\u00eancias segmentadas.<\/p>\n\n\n\n<h3 class=\"wp-block-heading\">Intelig\u00eancia Artificial impulsionando o engajamento<\/h3>\n\n\n\n<p>Outro ponto-chave ser\u00e1 o papel da <strong>IA<\/strong> na transforma\u00e7\u00e3o do engajamento com o consumidor. Especialistas v\u00e3o apresentar como a personaliza\u00e7\u00e3o baseada em IA est\u00e1 redefinindo experi\u00eancias publicit\u00e1rias e otimizando estrat\u00e9gias de retail media.<\/p>\n\n\n\n<h3 class=\"wp-block-heading\">Conectando o OOH com o Retail Media<\/h3>\n\n\n\n<p>Um dos debates centrais abordar\u00e1 como integrar o OOH ao retail media para gerar novo valor para varejistas, marcas e ag\u00eancias. Ser\u00e3o apresentados caminhos program\u00e1ticos para retail media e abordagens orientadas por dados que entregam resultados mensur\u00e1veis.<\/p>\n\n\n\n<h3 class=\"wp-block-heading\">Integra\u00e7\u00e3o mobile e estrat\u00e9gias omnichannel<\/h3>\n\n\n\n<p>O evento tamb\u00e9m discutir\u00e1 como a integra\u00e7\u00e3o mobile e as <strong>estrat\u00e9gias omnichannel<\/strong> est\u00e3o ajudando marcas a se manterem competitivas no ambiente do com\u00e9rcio digital. Ser\u00e3o apresentados insights pr\u00e1ticos para aproveitar essas ferramentas de forma eficiente.<\/p>\n\n\n\n<h3 class=\"wp-block-heading\">Sess\u00f5es finais: o futuro do DOOH no varejo e o live shopping<\/h3>\n\n\n\n<p>No per\u00edodo da tarde, os debates se concentrar\u00e3o no impacto do DOOH em shopping centers e seu papel na transforma\u00e7\u00e3o da experi\u00eancia do cliente e no aumento das vendas. A \u00faltima sess\u00e3o destacar\u00e1 o <strong>live shopping<\/strong> como um novo formato de retail media, demonstrando como experi\u00eancias interativas est\u00e3o redesenhando o consumo no digital e nas lojas f\u00edsicas.<\/p>\n\n\n\n<h3 class=\"wp-block-heading\">Networking e vis\u00e3o de mercado<\/h3>\n\n\n\n<p>Durante todo o evento, os participantes ter\u00e3o a oportunidade de <strong>interagir com l\u00edderes da ind\u00fastria<\/strong>, trocar experi\u00eancias e conhecer as \u00faltimas inova\u00e7\u00f5es em publicidade para o com\u00e9rcio digital. O <em>Commerce Media Days Brasil<\/em> \u00e9 uma oportunidade \u00fanica para se atualizar e se destacar nesse cen\u00e1rio em constante evolu\u00e7\u00e3o.<\/p>\n\n\n\n<p>\ud83d\udd17 <a href=\"https:\/\/br.linkedin.com\/showcase\/nxt-media-days-br\/\">Acompanhe as novidades pelo LinkedIn<\/a><\/p>\n","protected":false},"excerpt":{"rendered":"<p>Commerce Media Days Brasil \u2013 3 de Dezembro, S\u00e3o Paulo No dia 3 de dezembro, em S\u00e3o Paulo, o Commerce Media Days Brasil vai explorar o universo em constante transforma\u00e7\u00e3o da publicidade no com\u00e9rcio digital. Este evento de um dia ir\u00e1 destacar como o Digital Out-of-Home (DOOH) e o retail media est\u00e3o revolucionando a forma [&hellip;]<\/p>\n","protected":false},"author":13,"featured_media":0,"parent":0,"menu_order":0,"comment_status":"closed","ping_status":"closed","template":"page-templates\/template-Event-Home-page.php","meta":{"_acf_changed":false,"footnotes":""},"class_list":["post-18276","page","type-page","status-publish","hentry"],"acf":[],"yoast_head":"<!-- This site is optimized with the Yoast SEO plugin v26.6 - https:\/\/yoast.com\/wordpress\/plugins\/seo\/ -->\n<title>Commerce Media Days Brasil - conferences dataxis<\/title>\n<meta name=\"robots\" content=\"index, follow, max-snippet:-1, max-image-preview:large, max-video-preview:-1\" \/>\n<link rel=\"canonical\" href=\"https:\/\/conferences.dataxis.com\/pt-br\/commerce-media-days-brasil\/\" \/>\n<meta property=\"og:locale\" content=\"pt_BR\" \/>\n<meta property=\"og:type\" content=\"article\" \/>\n<meta property=\"og:title\" content=\"Commerce Media Days Brasil - conferences dataxis\" \/>\n<meta property=\"og:description\" content=\"Commerce Media Days Brasil \u2013 3 de Dezembro, S\u00e3o Paulo No dia 3 de dezembro, em S\u00e3o Paulo, o Commerce Media Days Brasil vai explorar o universo em constante transforma\u00e7\u00e3o da publicidade no com\u00e9rcio digital. Este evento de um dia ir\u00e1 destacar como o Digital Out-of-Home (DOOH) e o retail media est\u00e3o revolucionando a forma [&hellip;]\" \/>\n<meta property=\"og:url\" content=\"https:\/\/conferences.dataxis.com\/pt-br\/commerce-media-days-brasil\/\" \/>\n<meta property=\"og:site_name\" content=\"conferences dataxis\" \/>\n<meta property=\"article:modified_time\" content=\"2025-10-22T14:07:16+00:00\" \/>\n<meta name=\"twitter:card\" content=\"summary_large_image\" \/>\n<meta name=\"twitter:label1\" content=\"Est. tempo de leitura\" \/>\n\t<meta name=\"twitter:data1\" content=\"2 minutos\" \/>\n<script type=\"application\/ld+json\" class=\"yoast-schema-graph\">{\"@context\":\"https:\/\/schema.org\",\"@graph\":[{\"@type\":\"WebPage\",\"@id\":\"https:\/\/conferences.dataxis.com\/pt-br\/commerce-media-days-brasil\/\",\"url\":\"https:\/\/conferences.dataxis.com\/pt-br\/commerce-media-days-brasil\/\",\"name\":\"Commerce Media Days Brasil - conferences dataxis\",\"isPartOf\":{\"@id\":\"https:\/\/conferences.dataxis.com\/pt-br\/#website\"},\"datePublished\":\"2025-02-21T08:50:10+00:00\",\"dateModified\":\"2025-10-22T14:07:16+00:00\",\"breadcrumb\":{\"@id\":\"https:\/\/conferences.dataxis.com\/pt-br\/commerce-media-days-brasil\/#breadcrumb\"},\"inLanguage\":\"pt-BR\",\"potentialAction\":[{\"@type\":\"ReadAction\",\"target\":[\"https:\/\/conferences.dataxis.com\/pt-br\/commerce-media-days-brasil\/\"]}]},{\"@type\":\"BreadcrumbList\",\"@id\":\"https:\/\/conferences.dataxis.com\/pt-br\/commerce-media-days-brasil\/#breadcrumb\",\"itemListElement\":[{\"@type\":\"ListItem\",\"position\":1,\"name\":\"Home\",\"item\":\"https:\/\/conferences.dataxis.com\/pt-br\/\"},{\"@type\":\"ListItem\",\"position\":2,\"name\":\"Commerce Media Days Brasil\"}]},{\"@type\":\"WebSite\",\"@id\":\"https:\/\/conferences.dataxis.com\/pt-br\/#website\",\"url\":\"https:\/\/conferences.dataxis.com\/pt-br\/\",\"name\":\"conferences dataxis\",\"description\":\"\",\"potentialAction\":[{\"@type\":\"SearchAction\",\"target\":{\"@type\":\"EntryPoint\",\"urlTemplate\":\"https:\/\/conferences.dataxis.com\/pt-br\/?s={search_term_string}\"},\"query-input\":{\"@type\":\"PropertyValueSpecification\",\"valueRequired\":true,\"valueName\":\"search_term_string\"}}],\"inLanguage\":\"pt-BR\"}]}<\/script>\n<!-- \/ Yoast SEO plugin. -->","yoast_head_json":{"title":"Commerce Media Days Brasil - conferences dataxis","robots":{"index":"index","follow":"follow","max-snippet":"max-snippet:-1","max-image-preview":"max-image-preview:large","max-video-preview":"max-video-preview:-1"},"canonical":"https:\/\/conferences.dataxis.com\/pt-br\/commerce-media-days-brasil\/","og_locale":"pt_BR","og_type":"article","og_title":"Commerce Media Days Brasil - conferences dataxis","og_description":"Commerce Media Days Brasil \u2013 3 de Dezembro, S\u00e3o Paulo No dia 3 de dezembro, em S\u00e3o Paulo, o Commerce Media Days Brasil vai explorar o universo em constante transforma\u00e7\u00e3o da publicidade no com\u00e9rcio digital. Este evento de um dia ir\u00e1 destacar como o Digital Out-of-Home (DOOH) e o retail media est\u00e3o revolucionando a forma [&hellip;]","og_url":"https:\/\/conferences.dataxis.com\/pt-br\/commerce-media-days-brasil\/","og_site_name":"conferences dataxis","article_modified_time":"2025-10-22T14:07:16+00:00","twitter_card":"summary_large_image","twitter_misc":{"Est. tempo de leitura":"2 minutos"},"schema":{"@context":"https:\/\/schema.org","@graph":[{"@type":"WebPage","@id":"https:\/\/conferences.dataxis.com\/pt-br\/commerce-media-days-brasil\/","url":"https:\/\/conferences.dataxis.com\/pt-br\/commerce-media-days-brasil\/","name":"Commerce Media Days Brasil - conferences dataxis","isPartOf":{"@id":"https:\/\/conferences.dataxis.com\/pt-br\/#website"},"datePublished":"2025-02-21T08:50:10+00:00","dateModified":"2025-10-22T14:07:16+00:00","breadcrumb":{"@id":"https:\/\/conferences.dataxis.com\/pt-br\/commerce-media-days-brasil\/#breadcrumb"},"inLanguage":"pt-BR","potentialAction":[{"@type":"ReadAction","target":["https:\/\/conferences.dataxis.com\/pt-br\/commerce-media-days-brasil\/"]}]},{"@type":"BreadcrumbList","@id":"https:\/\/conferences.dataxis.com\/pt-br\/commerce-media-days-brasil\/#breadcrumb","itemListElement":[{"@type":"ListItem","position":1,"name":"Home","item":"https:\/\/conferences.dataxis.com\/pt-br\/"},{"@type":"ListItem","position":2,"name":"Commerce Media Days Brasil"}]},{"@type":"WebSite","@id":"https:\/\/conferences.dataxis.com\/pt-br\/#website","url":"https:\/\/conferences.dataxis.com\/pt-br\/","name":"conferences dataxis","description":"","potentialAction":[{"@type":"SearchAction","target":{"@type":"EntryPoint","urlTemplate":"https:\/\/conferences.dataxis.com\/pt-br\/?s={search_term_string}"},"query-input":{"@type":"PropertyValueSpecification","valueRequired":true,"valueName":"search_term_string"}}],"inLanguage":"pt-BR"}]}},"_links":{"self":[{"href":"https:\/\/conferences.dataxis.com\/pt-br\/wp-json\/wp\/v2\/pages\/18276","targetHints":{"allow":["GET"]}}],"collection":[{"href":"https:\/\/conferences.dataxis.com\/pt-br\/wp-json\/wp\/v2\/pages"}],"about":[{"href":"https:\/\/conferences.dataxis.com\/pt-br\/wp-json\/wp\/v2\/types\/page"}],"author":[{"embeddable":true,"href":"https:\/\/conferences.dataxis.com\/pt-br\/wp-json\/wp\/v2\/users\/13"}],"replies":[{"embeddable":true,"href":"https:\/\/conferences.dataxis.com\/pt-br\/wp-json\/wp\/v2\/comments?post=18276"}],"version-history":[{"count":6,"href":"https:\/\/conferences.dataxis.com\/pt-br\/wp-json\/wp\/v2\/pages\/18276\/revisions"}],"predecessor-version":[{"id":30008,"href":"https:\/\/conferences.dataxis.com\/pt-br\/wp-json\/wp\/v2\/pages\/18276\/revisions\/30008"}],"wp:attachment":[{"href":"https:\/\/conferences.dataxis.com\/pt-br\/wp-json\/wp\/v2\/media?parent=18276"}],"curies":[{"name":"wp","href":"https:\/\/api.w.org\/{rel}","templated":true}]}}