{"id":18278,"date":"2025-02-21T08:50:45","date_gmt":"2025-02-21T08:50:45","guid":{"rendered":"https:\/\/conferences.dataxis.com\/?page_id=18278"},"modified":"2025-11-12T13:17:17","modified_gmt":"2025-11-12T13:17:17","slug":"agenda","status":"publish","type":"page","link":"https:\/\/conferences.dataxis.com\/pt-br\/commerce-media-days-brasil\/agenda\/","title":{"rendered":"Agenda"},"content":{"rendered":"\n<p><strong>Descubra a programa\u00e7\u00e3o \u2013 Commerce Media Days Brasil<\/strong><\/p>\n\n\n\n<p>O <em>Commerce Media Days Brasil<\/em> \u00e9 o principal evento dedicado ao futuro do <strong>retail media<\/strong>, <strong>Digital Out-of-Home (DOOH)<\/strong>, <strong>intelig\u00eancia artificial (IA)<\/strong> e <strong>publicidade omnichannel<\/strong>. Acontece no dia <strong>3 de dezembro, em S\u00e3o Paulo<\/strong>, reunindo l\u00edderes do mercado, marcas, varejistas e anunciantes para discutir as inova\u00e7\u00f5es que est\u00e3o moldando o cen\u00e1rio do com\u00e9rcio digital.<\/p>\n\n\n\n<hr class=\"wp-block-separator has-alpha-channel-opacity\"\/>\n\n\n\n<h3 class=\"wp-block-heading\">Por que participar?<\/h3>\n\n\n\n<p>\u2705 <strong>Insights exclusivos<\/strong> de grandes nomes da ind\u00fastria sobre as inova\u00e7\u00f5es mais recentes em retail media<br>\u2705 <strong>Estrat\u00e9gias pr\u00e1ticas<\/strong> para aplicar IA, program\u00e1tica e t\u00e1ticas omnichannel<br>\u2705 <strong>Networking de alto n\u00edvel<\/strong> com marcas, varejistas e anunciantes de destaque<br>\u2705 <strong>Conte\u00fados aplic\u00e1veis<\/strong> para impulsionar sua estrat\u00e9gia de commerce media<\/p>\n\n\n\n<hr class=\"wp-block-separator has-alpha-channel-opacity\"\/>\n\n\n\n<p>N\u00e3o perca a chance de estar na vanguarda da inova\u00e7\u00e3o em m\u00eddia para o com\u00e9rcio digital.<\/p>\n\n\n\n<p>\ud83d\udd17 <a href=\"https:\/\/br.linkedin.com\/showcase\/nxt-media-days-br\/\">Veja a programa\u00e7\u00e3o completa no LinkedIn<\/a><br>\ud83d\udcf2 <a href=\"https:\/\/conferences.dataxis.com\/commerce-media-days-brasil\/\">Mais informa\u00e7\u00f5es e inscri\u00e7\u00f5es<\/a><br>\ud83d\udcc5Marque na agenda<strong> \u2013 3 de dezembro, em S\u00e3o Paulo!<\/strong><\/p>\n\n\n\n<p><\/p>\n","protected":false},"excerpt":{"rendered":"<p>Descubra a programa\u00e7\u00e3o \u2013 Commerce Media Days Brasil O Commerce Media Days Brasil \u00e9 o principal evento dedicado ao futuro do retail media, Digital Out-of-Home (DOOH), intelig\u00eancia artificial (IA) e publicidade omnichannel. Acontece no dia 3 de dezembro, em S\u00e3o Paulo, reunindo l\u00edderes do mercado, marcas, varejistas e anunciantes para discutir as inova\u00e7\u00f5es que est\u00e3o [&hellip;]<\/p>\n","protected":false},"author":13,"featured_media":0,"parent":18276,"menu_order":0,"comment_status":"closed","ping_status":"closed","template":"page-templates\/template-Agenda.php","meta":{"_acf_changed":false,"footnotes":""},"class_list":["post-18278","page","type-page","status-publish","hentry"],"acf":[],"yoast_head":"<!-- This site is optimized with the Yoast SEO plugin v26.6 - https:\/\/yoast.com\/wordpress\/plugins\/seo\/ -->\n<title>Agenda - conferences dataxis<\/title>\n<meta name=\"robots\" content=\"index, follow, max-snippet:-1, max-image-preview:large, max-video-preview:-1\" \/>\n<link rel=\"canonical\" href=\"https:\/\/conferences.dataxis.com\/pt-br\/commerce-media-days-brasil\/agenda\/\" \/>\n<meta property=\"og:locale\" content=\"pt_BR\" \/>\n<meta property=\"og:type\" content=\"article\" \/>\n<meta property=\"og:title\" content=\"Agenda - conferences dataxis\" \/>\n<meta property=\"og:description\" content=\"Descubra a programa\u00e7\u00e3o \u2013 Commerce Media Days Brasil O Commerce Media Days Brasil \u00e9 o principal evento dedicado ao futuro do retail media, Digital Out-of-Home (DOOH), intelig\u00eancia artificial (IA) e publicidade omnichannel. Acontece no dia 3 de dezembro, em S\u00e3o Paulo, reunindo l\u00edderes do mercado, marcas, varejistas e anunciantes para discutir as inova\u00e7\u00f5es que est\u00e3o [&hellip;]\" \/>\n<meta property=\"og:url\" content=\"https:\/\/conferences.dataxis.com\/pt-br\/commerce-media-days-brasil\/agenda\/\" \/>\n<meta property=\"og:site_name\" content=\"conferences dataxis\" \/>\n<meta property=\"article:modified_time\" content=\"2025-11-12T13:17:17+00:00\" \/>\n<meta name=\"twitter:card\" content=\"summary_large_image\" \/>\n<meta name=\"twitter:label1\" content=\"Est. tempo de leitura\" \/>\n\t<meta name=\"twitter:data1\" content=\"1 minuto\" \/>\n<script type=\"application\/ld+json\" class=\"yoast-schema-graph\">{\"@context\":\"https:\/\/schema.org\",\"@graph\":[{\"@type\":\"WebPage\",\"@id\":\"https:\/\/conferences.dataxis.com\/pt-br\/commerce-media-days-brasil\/agenda\/\",\"url\":\"https:\/\/conferences.dataxis.com\/pt-br\/commerce-media-days-brasil\/agenda\/\",\"name\":\"Agenda - conferences dataxis\",\"isPartOf\":{\"@id\":\"https:\/\/conferences.dataxis.com\/pt-br\/#website\"},\"datePublished\":\"2025-02-21T08:50:45+00:00\",\"dateModified\":\"2025-11-12T13:17:17+00:00\",\"breadcrumb\":{\"@id\":\"https:\/\/conferences.dataxis.com\/pt-br\/commerce-media-days-brasil\/agenda\/#breadcrumb\"},\"inLanguage\":\"pt-BR\",\"potentialAction\":[{\"@type\":\"ReadAction\",\"target\":[\"https:\/\/conferences.dataxis.com\/pt-br\/commerce-media-days-brasil\/agenda\/\"]}]},{\"@type\":\"BreadcrumbList\",\"@id\":\"https:\/\/conferences.dataxis.com\/pt-br\/commerce-media-days-brasil\/agenda\/#breadcrumb\",\"itemListElement\":[{\"@type\":\"ListItem\",\"position\":1,\"name\":\"Home\",\"item\":\"https:\/\/conferences.dataxis.com\/pt-br\/\"},{\"@type\":\"ListItem\",\"position\":2,\"name\":\"Commerce Media Days Brasil\",\"item\":\"https:\/\/conferences.dataxis.com\/pt-br\/commerce-media-days-brasil\/\"},{\"@type\":\"ListItem\",\"position\":3,\"name\":\"Agenda\"}]},{\"@type\":\"WebSite\",\"@id\":\"https:\/\/conferences.dataxis.com\/pt-br\/#website\",\"url\":\"https:\/\/conferences.dataxis.com\/pt-br\/\",\"name\":\"conferences dataxis\",\"description\":\"\",\"potentialAction\":[{\"@type\":\"SearchAction\",\"target\":{\"@type\":\"EntryPoint\",\"urlTemplate\":\"https:\/\/conferences.dataxis.com\/pt-br\/?s={search_term_string}\"},\"query-input\":{\"@type\":\"PropertyValueSpecification\",\"valueRequired\":true,\"valueName\":\"search_term_string\"}}],\"inLanguage\":\"pt-BR\"}]}<\/script>\n<!-- \/ Yoast SEO plugin. -->","yoast_head_json":{"title":"Agenda - conferences dataxis","robots":{"index":"index","follow":"follow","max-snippet":"max-snippet:-1","max-image-preview":"max-image-preview:large","max-video-preview":"max-video-preview:-1"},"canonical":"https:\/\/conferences.dataxis.com\/pt-br\/commerce-media-days-brasil\/agenda\/","og_locale":"pt_BR","og_type":"article","og_title":"Agenda - conferences dataxis","og_description":"Descubra a programa\u00e7\u00e3o \u2013 Commerce Media Days Brasil O Commerce Media Days Brasil \u00e9 o principal evento dedicado ao futuro do retail media, Digital Out-of-Home (DOOH), intelig\u00eancia artificial (IA) e publicidade omnichannel. Acontece no dia 3 de dezembro, em S\u00e3o Paulo, reunindo l\u00edderes do mercado, marcas, varejistas e anunciantes para discutir as inova\u00e7\u00f5es que est\u00e3o [&hellip;]","og_url":"https:\/\/conferences.dataxis.com\/pt-br\/commerce-media-days-brasil\/agenda\/","og_site_name":"conferences dataxis","article_modified_time":"2025-11-12T13:17:17+00:00","twitter_card":"summary_large_image","twitter_misc":{"Est. tempo de leitura":"1 minuto"},"schema":{"@context":"https:\/\/schema.org","@graph":[{"@type":"WebPage","@id":"https:\/\/conferences.dataxis.com\/pt-br\/commerce-media-days-brasil\/agenda\/","url":"https:\/\/conferences.dataxis.com\/pt-br\/commerce-media-days-brasil\/agenda\/","name":"Agenda - conferences dataxis","isPartOf":{"@id":"https:\/\/conferences.dataxis.com\/pt-br\/#website"},"datePublished":"2025-02-21T08:50:45+00:00","dateModified":"2025-11-12T13:17:17+00:00","breadcrumb":{"@id":"https:\/\/conferences.dataxis.com\/pt-br\/commerce-media-days-brasil\/agenda\/#breadcrumb"},"inLanguage":"pt-BR","potentialAction":[{"@type":"ReadAction","target":["https:\/\/conferences.dataxis.com\/pt-br\/commerce-media-days-brasil\/agenda\/"]}]},{"@type":"BreadcrumbList","@id":"https:\/\/conferences.dataxis.com\/pt-br\/commerce-media-days-brasil\/agenda\/#breadcrumb","itemListElement":[{"@type":"ListItem","position":1,"name":"Home","item":"https:\/\/conferences.dataxis.com\/pt-br\/"},{"@type":"ListItem","position":2,"name":"Commerce Media Days Brasil","item":"https:\/\/conferences.dataxis.com\/pt-br\/commerce-media-days-brasil\/"},{"@type":"ListItem","position":3,"name":"Agenda"}]},{"@type":"WebSite","@id":"https:\/\/conferences.dataxis.com\/pt-br\/#website","url":"https:\/\/conferences.dataxis.com\/pt-br\/","name":"conferences dataxis","description":"","potentialAction":[{"@type":"SearchAction","target":{"@type":"EntryPoint","urlTemplate":"https:\/\/conferences.dataxis.com\/pt-br\/?s={search_term_string}"},"query-input":{"@type":"PropertyValueSpecification","valueRequired":true,"valueName":"search_term_string"}}],"inLanguage":"pt-BR"}]}},"_links":{"self":[{"href":"https:\/\/conferences.dataxis.com\/pt-br\/wp-json\/wp\/v2\/pages\/18278","targetHints":{"allow":["GET"]}}],"collection":[{"href":"https:\/\/conferences.dataxis.com\/pt-br\/wp-json\/wp\/v2\/pages"}],"about":[{"href":"https:\/\/conferences.dataxis.com\/pt-br\/wp-json\/wp\/v2\/types\/page"}],"author":[{"embeddable":true,"href":"https:\/\/conferences.dataxis.com\/pt-br\/wp-json\/wp\/v2\/users\/13"}],"replies":[{"embeddable":true,"href":"https:\/\/conferences.dataxis.com\/pt-br\/wp-json\/wp\/v2\/comments?post=18278"}],"version-history":[{"count":56,"href":"https:\/\/conferences.dataxis.com\/pt-br\/wp-json\/wp\/v2\/pages\/18278\/revisions"}],"predecessor-version":[{"id":31330,"href":"https:\/\/conferences.dataxis.com\/pt-br\/wp-json\/wp\/v2\/pages\/18278\/revisions\/31330"}],"up":[{"embeddable":true,"href":"https:\/\/conferences.dataxis.com\/pt-br\/wp-json\/wp\/v2\/pages\/18276"}],"wp:attachment":[{"href":"https:\/\/conferences.dataxis.com\/pt-br\/wp-json\/wp\/v2\/media?parent=18278"}],"curies":[{"name":"wp","href":"https:\/\/api.w.org\/{rel}","templated":true}]}}